{"id":16692,"date":"2020-03-10T17:52:58","date_gmt":"2020-03-10T16:52:58","guid":{"rendered":"https:\/\/www.fairymotion.com\/?page_id=16692"},"modified":"2020-03-10T19:12:37","modified_gmt":"2020-03-10T18:12:37","slug":"communication-division","status":"publish","type":"page","link":"https:\/\/www.fairymotion.com\/fr\/communication-division\/","title":{"rendered":"Communication Division"},"content":{"rendered":"[vc_row secpadding=&#8221;st2&#8243; enabletitle=&#8221;st2&#8243; theside_sec_title=&#8221;ARCHITECTURE DE LA COMMUNICATION&#8221;][vc_column]<div class=\"column-wrap-content fl-wrap\"><div class=\"column-wrap-media fl-wrap\"><div class=\"pr-bg pr-bg-white\"><\/div><img decoding=\"async\" src=\"https:\/\/www.fairymotion.com\/wp-content\/uploads\/2020\/03\/Communication.png\"  class=\"respimg\" alt=\"\"><a href=\"https:\/\/youtu.be\/Puf0WCTumm4\" class=\"column-wrap-media_btn color-bg image-popup\">LA DEMOREEL <i class=\"fas fa-play\"><\/i><div class=\"pr-bg pr-bg-white\"><\/div><\/a><\/div><div class=\"column-wrap-text vc_element_text\"><div class=\"row\"><div class=\"col-md-4\">\n                  <h3 class=\"pr-subtitle\">\n                  Architecture de la communication\n                 <div class=\"pr-bg pr-bg-white\"><\/div>\n                 <\/h3>\n                 <\/div><div class=\"col-md-8 video_content_text\"><div class=\"pr-bg pr-bg-white\"><\/div>\n<blockquote><p><em>Nous voulons que nos clients et partenaires soient comp\u00e9titifs et occupent les premi\u00e8res positions, soient des leaders, dans notre monde multicanal d&#8217;aujourd&#8217;hui. Une r\u00e9putation intouchable et les connaissances sociologiques intelligemment appliqu\u00e9es montreront au monde \u00e0 quel point VOUS \u00eates unique.<\/em><\/p><\/blockquote>\n<\/div><\/div><\/div><\/div>[vc_row_inner][vc_column_inner width=&#8221;1\/2&#8243;]<div class=\"team-box\"><div class=\"pr-bg pr-bg-white\"><\/div><div class=\"team-photo\"><div class=\"overlay\"><\/div><img decoding=\"async\" src=\"https:\/\/www.fairymotion.com\/wp-content\/uploads\/2020\/03\/CommA.png\" alt=\"\" class=\"respimg\"><ul class=\"team-social\"><\/ul><\/div><div class=\"team-info\"><h3><\/h3><h4><\/h4><p>Diagnostic de pointe pour les marques, les personnalit\u00e9s et les politiciens | Moteurs de satisfaction | Surveillance et analyse des m\u00e9dias | Strat\u00e9gie de r\u00e9putation | \u00c9tiquette | Image personnelle | Construction \/ r\u00e9paration de la r\u00e9putation | Surveillance des menaces de r\u00e9putation  <\/p><\/div><\/div>[\/vc_column_inner][vc_column_inner width=&#8221;1\/2&#8243;]<div class=\"team-box\"><div class=\"pr-bg pr-bg-white\"><\/div><div class=\"team-photo\"><div class=\"overlay\"><\/div><img decoding=\"async\" src=\"https:\/\/www.fairymotion.com\/wp-content\/uploads\/2020\/03\/CommB.png\" alt=\"\" class=\"respimg\"><ul class=\"team-social\"><\/ul><\/div><div class=\"team-info\"><h3><\/h3><h4><\/h4><p>Calendriers cross-m\u00e9dia | Plans de r\u00e9ponse et r\u00e9action des m\u00e9dias | Planification pr\u00e9ventive de reprise apr\u00e8s incident | Plans d&#8217;urgence en cas de revers | Capsules de contention de crise | encadrement<br \/>\n  <\/p><\/div><\/div>[\/vc_column_inner][\/vc_row_inner][vc_row_inner][vc_column_inner width=&#8221;1\/2&#8243;]<div class=\"team-box\"><div class=\"pr-bg pr-bg-white\"><\/div><div class=\"team-photo\"><div class=\"overlay\"><\/div><img decoding=\"async\" src=\"https:\/\/www.fairymotion.com\/wp-content\/uploads\/2020\/03\/CommC.png\" alt=\"\" class=\"respimg\"><ul class=\"team-social\"><\/ul><\/div><div class=\"team-info\"><h3><\/h3><h4><\/h4><p>Concept architectural \u00ab choix possible des cibles \u00bb | M\u00e9thodologie de l&#8217;\u00e9conomie comportementale | Psychologie cognitive et sociale | Plans de d\u00e9cisions micro\u00e9conomiques | Propositions d\u00e9ontologiques sur des points de d\u00e9clenchement comportementaux et sociologiques efficaces et rentables  <\/p><\/div><\/div>[\/vc_column_inner][vc_column_inner width=&#8221;1\/2&#8243;]<div class=\"team-box\"><div class=\"pr-bg pr-bg-white\"><\/div><div class=\"team-photo\"><div class=\"overlay\"><\/div><img decoding=\"async\" src=\"https:\/\/www.fairymotion.com\/wp-content\/uploads\/2020\/03\/CommD.png\" alt=\"\" class=\"respimg\"><ul class=\"team-social\"><\/ul><\/div><div class=\"team-info\"><h3><\/h3><h4><\/h4><p>Surveillance des interactions | Gestion des promotions multiplateformes | Cr\u00e9er, pereniser et d\u00e9velopper la communaut\u00e9 | Strat\u00e9gie de m\u00e9dias sociaux | Humanisation des marques | Mod\u00e9ration et mise en application des normes de service aux clients  <\/p><\/div><\/div>[\/vc_column_inner][\/vc_row_inner][\/vc_column][\/vc_row][vc_row][vc_column][vc_column_text]\n[\/vc_column_text][\/vc_column][\/vc_row][vc_row][vc_column width=&#8221;1\/4&#8243;][\/vc_column][vc_column width=&#8221;1\/4&#8243;]<div class=\"team-box\"><div class=\"pr-bg pr-bg-white\"><\/div><div class=\"team-photo\"><div class=\"overlay\"><\/div><img decoding=\"async\" src=\"https:\/\/www.fairymotion.com\/wp-content\/uploads\/2020\/03\/Pictures-Carre.png\" alt=\"\" class=\"respimg\"><ul class=\"team-social\"><\/ul><\/div><div class=\"team-info\"><h3><a href=\"https:\/\/fairymotion.com\/pictures-division\"><\/a><\/h3><h4><\/h4><p>  <\/p><\/div><\/div>[vc_btn title=&#8221;Services Pictures Division &#8221; color=&#8221;info&#8221; link=&#8221;url:https%3A%2F%2Fwww.fairymotion.com%2Ffr%2Fpictures-division%2F|title:Pictures%20Division||&#8221;][\/vc_column][vc_column width=&#8221;1\/4&#8243;]<div class=\"team-box\"><div class=\"pr-bg pr-bg-white\"><\/div><div class=\"team-photo\"><div class=\"overlay\"><\/div><img decoding=\"async\" src=\"https:\/\/www.fairymotion.com\/wp-content\/uploads\/2020\/03\/Marketing-Carre.png\" alt=\"\" class=\"respimg\"><ul class=\"team-social\"><\/ul><\/div><div class=\"team-info\"><h3><a href=\"https:\/\/fairymotion.com\/marketing-division\"><\/a><\/h3><h4><\/h4><p>  <\/p><\/div><\/div>[vc_btn title=&#8221;Services Marketing Division&#8221; color=&#8221;primary&#8221; link=&#8221;url:https%3A%2F%2Fwww.fairymotion.com%2Ffr%2Fmarketing-division%2F|title:Marketing%20Division||&#8221;][\/vc_column][vc_column width=&#8221;1\/4&#8243;][\/vc_column][\/vc_row]\n","protected":false},"excerpt":{"rendered":"<p>[vc_row secpadding=&#8221;st2&#8243; enabletitle=&#8221;st2&#8243; theside_sec_title=&#8221;ARCHITECTURE DE LA COMMUNICATION&#8221;][vc_column][vc_row_inner][vc_column_inner width=&#8221;1\/2&#8243;][\/vc_column_inner][vc_column_inner width=&#8221;1\/2&#8243;][\/vc_column_inner][\/vc_row_inner][vc_row_inner][vc_column_inner width=&#8221;1\/2&#8243;][\/vc_column_inner][vc_column_inner width=&#8221;1\/2&#8243;][\/vc_column_inner][\/vc_row_inner][\/vc_column][\/vc_row][vc_row][vc_column][vc_column_text] [\/vc_column_text][\/vc_column][\/vc_row][vc_row][vc_column width=&#8221;1\/4&#8243;][\/vc_column][vc_column width=&#8221;1\/4&#8243;][vc_btn title=&#8221;Services Pictures Division &#8221; color=&#8221;info&#8221; link=&#8221;url:https%3A%2F%2Fwww.fairymotion.com%2Ffr%2Fpictures-division%2F|title:Pictures%20Division||&#8221;][\/vc_column][vc_column width=&#8221;1\/4&#8243;][vc_btn title=&#8221;Services Marketing Division&#8221; color=&#8221;primary&#8221; link=&#8221;url:https%3A%2F%2Fwww.fairymotion.com%2Ffr%2Fmarketing-division%2F|title:Marketing%20Division||&#8221;][\/vc_column][vc_column width=&#8221;1\/4&#8243;][\/vc_column][\/vc_row]<\/p>\n","protected":false},"author":4,"featured_media":16615,"parent":0,"menu_order":0,"comment_status":"closed","ping_status":"closed","template":"","meta":{"seo_booster_metabox":"","_monsterinsights_skip_tracking":false,"_monsterinsights_sitenote_active":false,"_monsterinsights_sitenote_note":"","_monsterinsights_sitenote_category":0,"footnotes":""},"yoast_head":"<!-- This site is optimized with the Yoast SEO plugin v21.8.1 - https:\/\/yoast.com\/wordpress\/plugins\/seo\/ -->\n<title>FairyMotion - Communication Agency - Geneva<\/title>\n<meta name=\"description\" content=\"FairyMotion - Communication Agency based in Geneva : Video \/ Marketing \/ Communication\" \/>\n<meta name=\"robots\" content=\"index, follow, max-snippet:-1, max-image-preview:large, max-video-preview:-1\" \/>\n<link rel=\"canonical\" href=\"https:\/\/www.fairymotion.com\/fr\/communication-division\/\" \/>\n<meta property=\"og:locale\" content=\"fr_FR\" \/>\n<meta property=\"og:type\" content=\"article\" \/>\n<meta property=\"og:title\" content=\"FairyMotion - Communication Agency - Geneva\" \/>\n<meta property=\"og:description\" content=\"FairyMotion - Communication Agency based in Geneva : Video \/ Marketing \/ Communication\" \/>\n<meta property=\"og:url\" content=\"https:\/\/www.fairymotion.com\/fr\/communication-division\/\" \/>\n<meta property=\"og:site_name\" content=\"FairyMotion\" \/>\n<meta property=\"article:publisher\" content=\"https:\/\/facebook.com\/fairymotion.agency\" \/>\n<meta property=\"article:modified_time\" content=\"2020-03-10T18:12:37+00:00\" \/>\n<meta property=\"og:image\" content=\"https:\/\/www.fairymotion.com\/wp-content\/uploads\/2020\/03\/Comm4-1.png\" \/>\n\t<meta property=\"og:image:width\" content=\"1015\" \/>\n\t<meta property=\"og:image:height\" content=\"1253\" \/>\n\t<meta property=\"og:image:type\" content=\"image\/png\" \/>\n<meta name=\"twitter:card\" content=\"summary_large_image\" \/>\n<meta name=\"twitter:site\" content=\"@fairymotion\" \/>\n<meta name=\"twitter:label1\" content=\"Dur\u00e9e de lecture estim\u00e9e\" \/>\n\t<meta name=\"twitter:data1\" content=\"2 minutes\" \/>\n<script type=\"application\/ld+json\" class=\"yoast-schema-graph\">{\"@context\":\"https:\/\/schema.org\",\"@graph\":[{\"@type\":\"WebPage\",\"@id\":\"https:\/\/www.fairymotion.com\/fr\/communication-division\/\",\"url\":\"https:\/\/www.fairymotion.com\/fr\/communication-division\/\",\"name\":\"FairyMotion - Communication Agency - Geneva\",\"isPartOf\":{\"@id\":\"https:\/\/www.fairymotion.com\/fr\/#website\"},\"datePublished\":\"2020-03-10T16:52:58+00:00\",\"dateModified\":\"2020-03-10T18:12:37+00:00\",\"description\":\"FairyMotion - Communication Agency based in Geneva : Video \/ Marketing \/ Communication\",\"breadcrumb\":{\"@id\":\"https:\/\/www.fairymotion.com\/fr\/communication-division\/#breadcrumb\"},\"inLanguage\":\"fr-FR\",\"potentialAction\":[{\"@type\":\"ReadAction\",\"target\":[\"https:\/\/www.fairymotion.com\/fr\/communication-division\/\"]}]},{\"@type\":\"BreadcrumbList\",\"@id\":\"https:\/\/www.fairymotion.com\/fr\/communication-division\/#breadcrumb\",\"itemListElement\":[{\"@type\":\"ListItem\",\"position\":1,\"name\":\"Accueil\",\"item\":\"https:\/\/www.fairymotion.com\/fr\/\"},{\"@type\":\"ListItem\",\"position\":2,\"name\":\"Communication Division\"}]},{\"@type\":\"WebSite\",\"@id\":\"https:\/\/www.fairymotion.com\/fr\/#website\",\"url\":\"https:\/\/www.fairymotion.com\/fr\/\",\"name\":\"FairyMotion\",\"description\":\"Communication Agency\",\"publisher\":{\"@id\":\"https:\/\/www.fairymotion.com\/fr\/#organization\"},\"potentialAction\":[{\"@type\":\"SearchAction\",\"target\":{\"@type\":\"EntryPoint\",\"urlTemplate\":\"https:\/\/www.fairymotion.com\/fr\/?s={search_term_string}\"},\"query-input\":\"required name=search_term_string\"}],\"inLanguage\":\"fr-FR\"},{\"@type\":\"Organization\",\"@id\":\"https:\/\/www.fairymotion.com\/fr\/#organization\",\"name\":\"FairyMotion - Communication Agency - Geneva\",\"url\":\"https:\/\/www.fairymotion.com\/fr\/\",\"logo\":{\"@type\":\"ImageObject\",\"inLanguage\":\"fr-FR\",\"@id\":\"https:\/\/www.fairymotion.com\/fr\/#\/schema\/logo\/image\/\",\"url\":\"https:\/\/www.fairymotion.com\/wp-content\/uploads\/2020\/03\/Logo-Square-Fairy-2020.png\",\"contentUrl\":\"https:\/\/www.fairymotion.com\/wp-content\/uploads\/2020\/03\/Logo-Square-Fairy-2020.png\",\"width\":1200,\"height\":1200,\"caption\":\"FairyMotion - Communication Agency - Geneva\"},\"image\":{\"@id\":\"https:\/\/www.fairymotion.com\/fr\/#\/schema\/logo\/image\/\"},\"sameAs\":[\"https:\/\/facebook.com\/fairymotion.agency\",\"https:\/\/twitter.com\/fairymotion\",\"https:\/\/instagram.com\/fairymotion.agency\",\"https:\/\/youtube.com\/user\/FairyMotion\"]}]}<\/script>\n<!-- \/ Yoast SEO plugin. -->","yoast_head_json":{"title":"FairyMotion - Communication Agency - Geneva","description":"FairyMotion - Communication Agency based in Geneva : Video \/ Marketing \/ Communication","robots":{"index":"index","follow":"follow","max-snippet":"max-snippet:-1","max-image-preview":"max-image-preview:large","max-video-preview":"max-video-preview:-1"},"canonical":"https:\/\/www.fairymotion.com\/fr\/communication-division\/","og_locale":"fr_FR","og_type":"article","og_title":"FairyMotion - Communication Agency - Geneva","og_description":"FairyMotion - Communication Agency based in Geneva : Video \/ Marketing \/ Communication","og_url":"https:\/\/www.fairymotion.com\/fr\/communication-division\/","og_site_name":"FairyMotion","article_publisher":"https:\/\/facebook.com\/fairymotion.agency","article_modified_time":"2020-03-10T18:12:37+00:00","og_image":[{"width":1015,"height":1253,"url":"https:\/\/www.fairymotion.com\/wp-content\/uploads\/2020\/03\/Comm4-1.png","type":"image\/png"}],"twitter_card":"summary_large_image","twitter_site":"@fairymotion","twitter_misc":{"Dur\u00e9e de lecture estim\u00e9e":"2 minutes"},"schema":{"@context":"https:\/\/schema.org","@graph":[{"@type":"WebPage","@id":"https:\/\/www.fairymotion.com\/fr\/communication-division\/","url":"https:\/\/www.fairymotion.com\/fr\/communication-division\/","name":"FairyMotion - Communication Agency - Geneva","isPartOf":{"@id":"https:\/\/www.fairymotion.com\/fr\/#website"},"datePublished":"2020-03-10T16:52:58+00:00","dateModified":"2020-03-10T18:12:37+00:00","description":"FairyMotion - Communication Agency based in Geneva : Video \/ Marketing \/ Communication","breadcrumb":{"@id":"https:\/\/www.fairymotion.com\/fr\/communication-division\/#breadcrumb"},"inLanguage":"fr-FR","potentialAction":[{"@type":"ReadAction","target":["https:\/\/www.fairymotion.com\/fr\/communication-division\/"]}]},{"@type":"BreadcrumbList","@id":"https:\/\/www.fairymotion.com\/fr\/communication-division\/#breadcrumb","itemListElement":[{"@type":"ListItem","position":1,"name":"Accueil","item":"https:\/\/www.fairymotion.com\/fr\/"},{"@type":"ListItem","position":2,"name":"Communication Division"}]},{"@type":"WebSite","@id":"https:\/\/www.fairymotion.com\/fr\/#website","url":"https:\/\/www.fairymotion.com\/fr\/","name":"FairyMotion","description":"Communication Agency","publisher":{"@id":"https:\/\/www.fairymotion.com\/fr\/#organization"},"potentialAction":[{"@type":"SearchAction","target":{"@type":"EntryPoint","urlTemplate":"https:\/\/www.fairymotion.com\/fr\/?s={search_term_string}"},"query-input":"required name=search_term_string"}],"inLanguage":"fr-FR"},{"@type":"Organization","@id":"https:\/\/www.fairymotion.com\/fr\/#organization","name":"FairyMotion - Communication Agency - Geneva","url":"https:\/\/www.fairymotion.com\/fr\/","logo":{"@type":"ImageObject","inLanguage":"fr-FR","@id":"https:\/\/www.fairymotion.com\/fr\/#\/schema\/logo\/image\/","url":"https:\/\/www.fairymotion.com\/wp-content\/uploads\/2020\/03\/Logo-Square-Fairy-2020.png","contentUrl":"https:\/\/www.fairymotion.com\/wp-content\/uploads\/2020\/03\/Logo-Square-Fairy-2020.png","width":1200,"height":1200,"caption":"FairyMotion - Communication Agency - Geneva"},"image":{"@id":"https:\/\/www.fairymotion.com\/fr\/#\/schema\/logo\/image\/"},"sameAs":["https:\/\/facebook.com\/fairymotion.agency","https:\/\/twitter.com\/fairymotion","https:\/\/instagram.com\/fairymotion.agency","https:\/\/youtube.com\/user\/FairyMotion"]}]}},"_links":{"self":[{"href":"https:\/\/www.fairymotion.com\/fr\/wp-json\/wp\/v2\/pages\/16692"}],"collection":[{"href":"https:\/\/www.fairymotion.com\/fr\/wp-json\/wp\/v2\/pages"}],"about":[{"href":"https:\/\/www.fairymotion.com\/fr\/wp-json\/wp\/v2\/types\/page"}],"author":[{"embeddable":true,"href":"https:\/\/www.fairymotion.com\/fr\/wp-json\/wp\/v2\/users\/4"}],"replies":[{"embeddable":true,"href":"https:\/\/www.fairymotion.com\/fr\/wp-json\/wp\/v2\/comments?post=16692"}],"version-history":[{"count":3,"href":"https:\/\/www.fairymotion.com\/fr\/wp-json\/wp\/v2\/pages\/16692\/revisions"}],"predecessor-version":[{"id":16706,"href":"https:\/\/www.fairymotion.com\/fr\/wp-json\/wp\/v2\/pages\/16692\/revisions\/16706"}],"wp:featuredmedia":[{"embeddable":true,"href":"https:\/\/www.fairymotion.com\/fr\/wp-json\/wp\/v2\/media\/16615"}],"wp:attachment":[{"href":"https:\/\/www.fairymotion.com\/fr\/wp-json\/wp\/v2\/media?parent=16692"}],"curies":[{"name":"wp","href":"https:\/\/api.w.org\/{rel}","templated":true}]}}