{"id":16661,"date":"2020-03-10T16:34:39","date_gmt":"2020-03-10T15:34:39","guid":{"rendered":"https:\/\/www.fairymotion.com\/?page_id=16661"},"modified":"2020-03-10T19:09:47","modified_gmt":"2020-03-10T18:09:47","slug":"pictures-division","status":"publish","type":"page","link":"https:\/\/www.fairymotion.com\/fr\/pictures-division\/","title":{"rendered":"Pictures Division"},"content":{"rendered":"[vc_row secpadding=&#8221;st2&#8243; enabletitle=&#8221;st2&#8243; theside_sec_title=&#8221;SERVICES DE LA PICTURES DIVISION&#8221;][vc_column]<div class=\"column-wrap-content fl-wrap\"><div class=\"column-wrap-media fl-wrap\"><div class=\"pr-bg pr-bg-white\"><\/div><img decoding=\"async\" src=\"https:\/\/www.fairymotion.com\/wp-content\/uploads\/2020\/03\/PICT4.png\"  class=\"respimg\" alt=\"\"><a href=\"https:\/\/youtu.be\/Puf0WCTumm4\" class=\"column-wrap-media_btn color-bg image-popup\">LA DEMOREEL <i class=\"fas fa-play\"><\/i><div class=\"pr-bg pr-bg-white\"><\/div><\/a><\/div><div class=\"column-wrap-text vc_element_text\"><div class=\"row\"><div class=\"col-md-4\">\n                  <h3 class=\"pr-subtitle\">\n                  Production Audiovisuelle\n                 <div class=\"pr-bg pr-bg-white\"><\/div>\n                 <\/h3>\n                 <\/div><div class=\"col-md-8 video_content_text\"><div class=\"pr-bg pr-bg-white\"><\/div>\n<blockquote>\n<p class=\"p1\"><em>Planification compos\u00e9e et d\u00e9taill\u00e9e pour raconter votre meilleure histoire. Des visuels \u00e0 couper le souffle, durables et inoubliables, pour mat\u00e9rialiser tout ce qui compte pour vous. Si vous \u00eates pr\u00eat \u00e0 braver les enjeux importants de vos contenus, nous sommes pr\u00eats \u00e0 vous \u00e9pauler ! Cr\u00e9er de l&#8217;\u00e9motion par le mouvement de l\u2019image est notre point fort suppl\u00e9mentaire que nous mettons \u00e0 votre service.<\/em><\/p>\n<\/blockquote>\n<\/div><\/div><\/div><\/div>[vc_row_inner][vc_column_inner width=&#8221;1\/2&#8243;]<div class=\"team-box\"><div class=\"pr-bg pr-bg-white\"><\/div><div class=\"team-photo\"><div class=\"overlay\"><\/div><img decoding=\"async\" src=\"https:\/\/www.fairymotion.com\/wp-content\/uploads\/2020\/03\/PictA.png\" alt=\"\" class=\"respimg\"><ul class=\"team-social\"><\/ul><\/div><div class=\"team-info\"><h3><\/h3><h4><\/h4><p>Concept | Script | Story Board | Illustrations  <\/p><\/div><\/div>[\/vc_column_inner][vc_column_inner width=&#8221;1\/2&#8243;]<div class=\"team-box\"><div class=\"pr-bg pr-bg-white\"><\/div><div class=\"team-photo\"><div class=\"overlay\"><\/div><img decoding=\"async\" src=\"https:\/\/www.fairymotion.com\/wp-content\/uploads\/2020\/03\/PictB.png\" alt=\"\" class=\"respimg\"><ul class=\"team-social\"><\/ul><\/div><div class=\"team-info\"><h3><\/h3><h4><\/h4><p>Vid\u00e9o d&#8217;entreprise | AfterMovie | Multicams | Publicit\u00e9 | Photographie | Macro | 360 \u00b0 | Dr\u00f4ne<br \/>\n  <\/p><\/div><\/div>[\/vc_column_inner][\/vc_row_inner][vc_row_inner][vc_column_inner width=&#8221;1\/2&#8243;]<div class=\"team-box\"><div class=\"pr-bg pr-bg-white\"><\/div><div class=\"team-photo\"><div class=\"overlay\"><\/div><img decoding=\"async\" src=\"https:\/\/www.fairymotion.com\/wp-content\/uploads\/2020\/03\/PictC.png\" alt=\"\" class=\"respimg\"><ul class=\"team-social\"><\/ul><\/div><div class=\"team-info\"><h3><\/h3><h4><\/h4><p>Montage | Direction artistique | \u00c9talonnage | Sous-titres | Conception sonore | Licence musicale | Composition | Voix off  <\/p><\/div><\/div>[\/vc_column_inner][vc_column_inner width=&#8221;1\/2&#8243;]<div class=\"team-box\"><div class=\"pr-bg pr-bg-white\"><\/div><div class=\"team-photo\"><div class=\"overlay\"><\/div><img decoding=\"async\" src=\"https:\/\/www.fairymotion.com\/wp-content\/uploads\/2020\/03\/PictD.png\" alt=\"\" class=\"respimg\"><ul class=\"team-social\"><\/ul><\/div><div class=\"team-info\"><h3><\/h3><h4><\/h4><p>Captation | Sauvegarde | Sous-titres en direct | Multicams en direct | Diffusion en direct | Diffusion On \/ Off Server  <\/p><\/div><\/div>[\/vc_column_inner][\/vc_row_inner][\/vc_column][\/vc_row][vc_row][vc_column][vc_column_text]\n[\/vc_column_text][\/vc_column][\/vc_row][vc_row][vc_column width=&#8221;1\/4&#8243;][\/vc_column][vc_column width=&#8221;1\/4&#8243;]<div class=\"team-box\"><div class=\"pr-bg pr-bg-white\"><\/div><div class=\"team-photo\"><div class=\"overlay\"><\/div><img decoding=\"async\" src=\"https:\/\/www.fairymotion.com\/wp-content\/uploads\/2020\/03\/Marketing-Carre.png\" alt=\"\" class=\"respimg\"><ul class=\"team-social\"><\/ul><\/div><div class=\"team-info\"><h3><a href=\"https:\/\/fairymotion.com\/marketing-division\"><\/a><\/h3><h4><\/h4><p>  <\/p><\/div><\/div>[vc_btn title=&#8221;Services Marketing Division&#8221; color=&#8221;primary&#8221; link=&#8221;url:https%3A%2F%2Fwww.fairymotion.com%2Ffr%2Fmarketing-division%2F|title:Marketing%20Division||&#8221;][\/vc_column][vc_column width=&#8221;1\/4&#8243;]<div class=\"team-box\"><div class=\"pr-bg pr-bg-white\"><\/div><div class=\"team-photo\"><div class=\"overlay\"><\/div><img decoding=\"async\" src=\"https:\/\/www.fairymotion.com\/wp-content\/uploads\/2020\/03\/COmmunication-Carre.png\" alt=\"\" class=\"respimg\"><ul class=\"team-social\"><\/ul><\/div><div class=\"team-info\"><h3><a href=\"https:\/\/fairymotion.com\/communication-division\"><\/a><\/h3><h4><\/h4><p>  <\/p><\/div><\/div>[vc_btn title=&#8221;Services Communication Division&#8221; color=&#8221;sky&#8221; link=&#8221;url:https%3A%2F%2Fwww.fairymotion.com%2Ffr%2Fcommunication-division%2F|title:Communication%20Division||&#8221;][\/vc_column][vc_column width=&#8221;1\/4&#8243;][\/vc_column][\/vc_row]\n","protected":false},"excerpt":{"rendered":"<p>[vc_row secpadding=&#8221;st2&#8243; enabletitle=&#8221;st2&#8243; theside_sec_title=&#8221;SERVICES DE LA PICTURES DIVISION&#8221;][vc_column][vc_row_inner][vc_column_inner width=&#8221;1\/2&#8243;][\/vc_column_inner][vc_column_inner width=&#8221;1\/2&#8243;][\/vc_column_inner][\/vc_row_inner][vc_row_inner][vc_column_inner width=&#8221;1\/2&#8243;][\/vc_column_inner][vc_column_inner width=&#8221;1\/2&#8243;][\/vc_column_inner][\/vc_row_inner][\/vc_column][\/vc_row][vc_row][vc_column][vc_column_text] [\/vc_column_text][\/vc_column][\/vc_row][vc_row][vc_column width=&#8221;1\/4&#8243;][\/vc_column][vc_column width=&#8221;1\/4&#8243;][vc_btn title=&#8221;Services Marketing Division&#8221; color=&#8221;primary&#8221; link=&#8221;url:https%3A%2F%2Fwww.fairymotion.com%2Ffr%2Fmarketing-division%2F|title:Marketing%20Division||&#8221;][\/vc_column][vc_column width=&#8221;1\/4&#8243;][vc_btn title=&#8221;Services Communication Division&#8221; color=&#8221;sky&#8221; link=&#8221;url:https%3A%2F%2Fwww.fairymotion.com%2Ffr%2Fcommunication-division%2F|title:Communication%20Division||&#8221;][\/vc_column][vc_column width=&#8221;1\/4&#8243;][\/vc_column][\/vc_row]<\/p>\n","protected":false},"author":4,"featured_media":16614,"parent":0,"menu_order":0,"comment_status":"closed","ping_status":"closed","template":"","meta":{"seo_booster_metabox":"","_monsterinsights_skip_tracking":false,"_monsterinsights_sitenote_active":false,"_monsterinsights_sitenote_note":"","_monsterinsights_sitenote_category":0,"footnotes":""},"yoast_head":"<!-- This site is optimized with the Yoast SEO plugin v21.8.1 - https:\/\/yoast.com\/wordpress\/plugins\/seo\/ -->\n<title>FairyMotion - Communication Agency - Geneva<\/title>\n<meta name=\"description\" content=\"FairyMotion - Communication Agency based in Geneva : Video \/ Marketing \/ Communication\" \/>\n<meta name=\"robots\" content=\"index, follow, max-snippet:-1, max-image-preview:large, max-video-preview:-1\" \/>\n<link rel=\"canonical\" href=\"https:\/\/www.fairymotion.com\/fr\/pictures-division\/\" \/>\n<meta property=\"og:locale\" content=\"fr_FR\" \/>\n<meta property=\"og:type\" content=\"article\" \/>\n<meta property=\"og:title\" content=\"FairyMotion - Communication Agency - Geneva\" \/>\n<meta property=\"og:description\" content=\"FairyMotion - Communication Agency based in Geneva : Video \/ Marketing \/ Communication\" \/>\n<meta property=\"og:url\" content=\"https:\/\/www.fairymotion.com\/fr\/pictures-division\/\" \/>\n<meta property=\"og:site_name\" content=\"FairyMotion\" \/>\n<meta property=\"article:publisher\" content=\"https:\/\/facebook.com\/fairymotion.agency\" \/>\n<meta property=\"article:modified_time\" content=\"2020-03-10T18:09:47+00:00\" \/>\n<meta property=\"og:image\" content=\"https:\/\/www.fairymotion.com\/wp-content\/uploads\/2020\/03\/Pictures-Rec-1.png\" \/>\n\t<meta property=\"og:image:width\" content=\"1015\" \/>\n\t<meta property=\"og:image:height\" content=\"1253\" \/>\n\t<meta property=\"og:image:type\" content=\"image\/png\" \/>\n<meta name=\"twitter:card\" content=\"summary_large_image\" \/>\n<meta name=\"twitter:site\" content=\"@fairymotion\" \/>\n<meta name=\"twitter:label1\" content=\"Dur\u00e9e de lecture estim\u00e9e\" \/>\n\t<meta name=\"twitter:data1\" content=\"2 minutes\" \/>\n<script type=\"application\/ld+json\" class=\"yoast-schema-graph\">{\"@context\":\"https:\/\/schema.org\",\"@graph\":[{\"@type\":\"WebPage\",\"@id\":\"https:\/\/www.fairymotion.com\/fr\/pictures-division\/\",\"url\":\"https:\/\/www.fairymotion.com\/fr\/pictures-division\/\",\"name\":\"FairyMotion - Communication Agency - Geneva\",\"isPartOf\":{\"@id\":\"https:\/\/www.fairymotion.com\/fr\/#website\"},\"datePublished\":\"2020-03-10T15:34:39+00:00\",\"dateModified\":\"2020-03-10T18:09:47+00:00\",\"description\":\"FairyMotion - Communication Agency based in Geneva : Video \/ Marketing \/ Communication\",\"breadcrumb\":{\"@id\":\"https:\/\/www.fairymotion.com\/fr\/pictures-division\/#breadcrumb\"},\"inLanguage\":\"fr-FR\",\"potentialAction\":[{\"@type\":\"ReadAction\",\"target\":[\"https:\/\/www.fairymotion.com\/fr\/pictures-division\/\"]}]},{\"@type\":\"BreadcrumbList\",\"@id\":\"https:\/\/www.fairymotion.com\/fr\/pictures-division\/#breadcrumb\",\"itemListElement\":[{\"@type\":\"ListItem\",\"position\":1,\"name\":\"Accueil\",\"item\":\"https:\/\/www.fairymotion.com\/fr\/\"},{\"@type\":\"ListItem\",\"position\":2,\"name\":\"Pictures Division\"}]},{\"@type\":\"WebSite\",\"@id\":\"https:\/\/www.fairymotion.com\/fr\/#website\",\"url\":\"https:\/\/www.fairymotion.com\/fr\/\",\"name\":\"FairyMotion\",\"description\":\"Communication Agency\",\"publisher\":{\"@id\":\"https:\/\/www.fairymotion.com\/fr\/#organization\"},\"potentialAction\":[{\"@type\":\"SearchAction\",\"target\":{\"@type\":\"EntryPoint\",\"urlTemplate\":\"https:\/\/www.fairymotion.com\/fr\/?s={search_term_string}\"},\"query-input\":\"required name=search_term_string\"}],\"inLanguage\":\"fr-FR\"},{\"@type\":\"Organization\",\"@id\":\"https:\/\/www.fairymotion.com\/fr\/#organization\",\"name\":\"FairyMotion - Communication Agency - Geneva\",\"url\":\"https:\/\/www.fairymotion.com\/fr\/\",\"logo\":{\"@type\":\"ImageObject\",\"inLanguage\":\"fr-FR\",\"@id\":\"https:\/\/www.fairymotion.com\/fr\/#\/schema\/logo\/image\/\",\"url\":\"https:\/\/www.fairymotion.com\/wp-content\/uploads\/2020\/03\/Logo-Square-Fairy-2020.png\",\"contentUrl\":\"https:\/\/www.fairymotion.com\/wp-content\/uploads\/2020\/03\/Logo-Square-Fairy-2020.png\",\"width\":1200,\"height\":1200,\"caption\":\"FairyMotion - Communication Agency - Geneva\"},\"image\":{\"@id\":\"https:\/\/www.fairymotion.com\/fr\/#\/schema\/logo\/image\/\"},\"sameAs\":[\"https:\/\/facebook.com\/fairymotion.agency\",\"https:\/\/twitter.com\/fairymotion\",\"https:\/\/instagram.com\/fairymotion.agency\",\"https:\/\/youtube.com\/user\/FairyMotion\"]}]}<\/script>\n<!-- \/ Yoast SEO plugin. -->","yoast_head_json":{"title":"FairyMotion - Communication Agency - Geneva","description":"FairyMotion - Communication Agency based in Geneva : Video \/ Marketing \/ Communication","robots":{"index":"index","follow":"follow","max-snippet":"max-snippet:-1","max-image-preview":"max-image-preview:large","max-video-preview":"max-video-preview:-1"},"canonical":"https:\/\/www.fairymotion.com\/fr\/pictures-division\/","og_locale":"fr_FR","og_type":"article","og_title":"FairyMotion - Communication Agency - Geneva","og_description":"FairyMotion - Communication Agency based in Geneva : Video \/ Marketing \/ Communication","og_url":"https:\/\/www.fairymotion.com\/fr\/pictures-division\/","og_site_name":"FairyMotion","article_publisher":"https:\/\/facebook.com\/fairymotion.agency","article_modified_time":"2020-03-10T18:09:47+00:00","og_image":[{"width":1015,"height":1253,"url":"https:\/\/www.fairymotion.com\/wp-content\/uploads\/2020\/03\/Pictures-Rec-1.png","type":"image\/png"}],"twitter_card":"summary_large_image","twitter_site":"@fairymotion","twitter_misc":{"Dur\u00e9e de lecture estim\u00e9e":"2 minutes"},"schema":{"@context":"https:\/\/schema.org","@graph":[{"@type":"WebPage","@id":"https:\/\/www.fairymotion.com\/fr\/pictures-division\/","url":"https:\/\/www.fairymotion.com\/fr\/pictures-division\/","name":"FairyMotion - Communication Agency - Geneva","isPartOf":{"@id":"https:\/\/www.fairymotion.com\/fr\/#website"},"datePublished":"2020-03-10T15:34:39+00:00","dateModified":"2020-03-10T18:09:47+00:00","description":"FairyMotion - Communication Agency based in Geneva : Video \/ Marketing \/ Communication","breadcrumb":{"@id":"https:\/\/www.fairymotion.com\/fr\/pictures-division\/#breadcrumb"},"inLanguage":"fr-FR","potentialAction":[{"@type":"ReadAction","target":["https:\/\/www.fairymotion.com\/fr\/pictures-division\/"]}]},{"@type":"BreadcrumbList","@id":"https:\/\/www.fairymotion.com\/fr\/pictures-division\/#breadcrumb","itemListElement":[{"@type":"ListItem","position":1,"name":"Accueil","item":"https:\/\/www.fairymotion.com\/fr\/"},{"@type":"ListItem","position":2,"name":"Pictures Division"}]},{"@type":"WebSite","@id":"https:\/\/www.fairymotion.com\/fr\/#website","url":"https:\/\/www.fairymotion.com\/fr\/","name":"FairyMotion","description":"Communication Agency","publisher":{"@id":"https:\/\/www.fairymotion.com\/fr\/#organization"},"potentialAction":[{"@type":"SearchAction","target":{"@type":"EntryPoint","urlTemplate":"https:\/\/www.fairymotion.com\/fr\/?s={search_term_string}"},"query-input":"required name=search_term_string"}],"inLanguage":"fr-FR"},{"@type":"Organization","@id":"https:\/\/www.fairymotion.com\/fr\/#organization","name":"FairyMotion - Communication Agency - Geneva","url":"https:\/\/www.fairymotion.com\/fr\/","logo":{"@type":"ImageObject","inLanguage":"fr-FR","@id":"https:\/\/www.fairymotion.com\/fr\/#\/schema\/logo\/image\/","url":"https:\/\/www.fairymotion.com\/wp-content\/uploads\/2020\/03\/Logo-Square-Fairy-2020.png","contentUrl":"https:\/\/www.fairymotion.com\/wp-content\/uploads\/2020\/03\/Logo-Square-Fairy-2020.png","width":1200,"height":1200,"caption":"FairyMotion - Communication Agency - Geneva"},"image":{"@id":"https:\/\/www.fairymotion.com\/fr\/#\/schema\/logo\/image\/"},"sameAs":["https:\/\/facebook.com\/fairymotion.agency","https:\/\/twitter.com\/fairymotion","https:\/\/instagram.com\/fairymotion.agency","https:\/\/youtube.com\/user\/FairyMotion"]}]}},"_links":{"self":[{"href":"https:\/\/www.fairymotion.com\/fr\/wp-json\/wp\/v2\/pages\/16661"}],"collection":[{"href":"https:\/\/www.fairymotion.com\/fr\/wp-json\/wp\/v2\/pages"}],"about":[{"href":"https:\/\/www.fairymotion.com\/fr\/wp-json\/wp\/v2\/types\/page"}],"author":[{"embeddable":true,"href":"https:\/\/www.fairymotion.com\/fr\/wp-json\/wp\/v2\/users\/4"}],"replies":[{"embeddable":true,"href":"https:\/\/www.fairymotion.com\/fr\/wp-json\/wp\/v2\/comments?post=16661"}],"version-history":[{"count":5,"href":"https:\/\/www.fairymotion.com\/fr\/wp-json\/wp\/v2\/pages\/16661\/revisions"}],"predecessor-version":[{"id":16704,"href":"https:\/\/www.fairymotion.com\/fr\/wp-json\/wp\/v2\/pages\/16661\/revisions\/16704"}],"wp:featuredmedia":[{"embeddable":true,"href":"https:\/\/www.fairymotion.com\/fr\/wp-json\/wp\/v2\/media\/16614"}],"wp:attachment":[{"href":"https:\/\/www.fairymotion.com\/fr\/wp-json\/wp\/v2\/media?parent=16661"}],"curies":[{"name":"wp","href":"https:\/\/api.w.org\/{rel}","templated":true}]}}