{"id":16638,"date":"2020-03-03T15:27:43","date_gmt":"2020-03-03T14:27:43","guid":{"rendered":"https:\/\/www.fairymotion.com\/marketing-division\/"},"modified":"2020-03-10T19:11:07","modified_gmt":"2020-03-10T18:11:07","slug":"marketing-division","status":"publish","type":"page","link":"https:\/\/www.fairymotion.com\/fr\/marketing-division\/","title":{"rendered":"Marketing Division"},"content":{"rendered":"[vc_row secpadding=&#8221;st2&#8243; enabletitle=&#8221;st2&#8243; theside_sec_title=&#8221;L\u2019Architecture du marketing&#8221;][vc_column]<div class=\"column-wrap-content fl-wrap\"><div class=\"column-wrap-media fl-wrap\"><div class=\"pr-bg pr-bg-white\"><\/div><img decoding=\"async\" src=\"https:\/\/www.fairymotion.com\/wp-content\/uploads\/2020\/03\/Mark4.png\"  class=\"respimg\" alt=\"\"><a href=\"https:\/\/youtu.be\/Puf0WCTumm4\" class=\"column-wrap-media_btn color-bg image-popup\">LA DEMOREEL <i class=\"fas fa-play\"><\/i><div class=\"pr-bg pr-bg-white\"><\/div><\/a><\/div><div class=\"column-wrap-text vc_element_text\"><div class=\"row\"><div class=\"col-md-4\">\n                  <h3 class=\"pr-subtitle\">\n                  L\u2019Architecture du marketing\n                 <div class=\"pr-bg pr-bg-white\"><\/div>\n                 <\/h3>\n                 <\/div><div class=\"col-md-8 video_content_text\"><div class=\"pr-bg pr-bg-white\"><\/div>\n<blockquote><p><em>Dans cette discipline en constante \u00e9volution, nous vous aidons \u00e0 maintenir votre entreprise au gout du jour. Nous vivons dans un monde num\u00e9rique o\u00f9 les tendances changent constamment \u00e0 une vitesse fulgurante ; vous avez besoin de personnes qui savent ce qu&#8217;elles font et qui sont attach\u00e9es \u00e0 votre marque. Ne cherchez plus! Nous sommes l\u00e0.<\/em><\/p><\/blockquote>\n<\/div><\/div><\/div><\/div>[vc_row_inner][vc_column_inner width=&#8221;1\/2&#8243;]<div class=\"team-box\"><div class=\"pr-bg pr-bg-white\"><\/div><div class=\"team-photo\"><div class=\"overlay\"><\/div><img decoding=\"async\" src=\"https:\/\/www.fairymotion.com\/wp-content\/uploads\/2020\/03\/MarkA.png\" alt=\"\" class=\"respimg\"><ul class=\"team-social\"><\/ul><\/div><div class=\"team-info\"><h3><\/h3><h4><\/h4><p>\u00c9tude de march\u00e9 approfondie sur les concurrents | Positionnement de la marque solide | Logo et identit\u00e9 visuelle | Manuel personnalis\u00e9 et \u00e9volutif des sp\u00e9cifications et normes de la marque  <\/p><\/div><\/div>[\/vc_column_inner][vc_column_inner width=&#8221;1\/2&#8243;]<div class=\"team-box\"><div class=\"pr-bg pr-bg-white\"><\/div><div class=\"team-photo\"><div class=\"overlay\"><\/div><img decoding=\"async\" src=\"https:\/\/www.fairymotion.com\/wp-content\/uploads\/2020\/03\/MarkB.png\" alt=\"\" class=\"respimg\"><ul class=\"team-social\"><\/ul><\/div><div class=\"team-info\"><h3><\/h3><h4><\/h4><p>Parcours de l\u2019audience | Cartographie pr\u00e9cise du contenu | Conception d\u2019exp\u00e9rience d\u2019utilisateur personnalis\u00e9e<br \/>\n  <\/p><\/div><\/div>[\/vc_column_inner][\/vc_row_inner][vc_row_inner][vc_column_inner width=&#8221;1\/2&#8243;]<div class=\"team-box\"><div class=\"pr-bg pr-bg-white\"><\/div><div class=\"team-photo\"><div class=\"overlay\"><\/div><img decoding=\"async\" src=\"https:\/\/www.fairymotion.com\/wp-content\/uploads\/2020\/03\/MarkC.png\" alt=\"\" class=\"respimg\"><ul class=\"team-social\"><\/ul><\/div><div class=\"team-info\"><h3><\/h3><h4><\/h4><p>Recherche primaire (pr\u00e9-campagne) | Strat\u00e9gie de campagne | Conception d&#8217;int\u00e9gration de canaux | Points de d\u00e9clenchement comportementaux et sociologiques  <\/p><\/div><\/div>[\/vc_column_inner][vc_column_inner width=&#8221;1\/2&#8243;]<div class=\"team-box\"><div class=\"pr-bg pr-bg-white\"><\/div><div class=\"team-photo\"><div class=\"overlay\"><\/div><img decoding=\"async\" src=\"https:\/\/www.fairymotion.com\/wp-content\/uploads\/2020\/03\/MarkD.png\" alt=\"\" class=\"respimg\"><ul class=\"team-social\"><\/ul><\/div><div class=\"team-info\"><h3><\/h3><h4><\/h4><p>Identification des KPI (facteurs d\u2019indentification de performance) | Cartographie des donn\u00e9es | Strat\u00e9gie analytique | Planification de l&#8217;optimisation (Kai-Zen)  <\/p><\/div><\/div>[\/vc_column_inner][\/vc_row_inner][\/vc_column][\/vc_row][vc_row][vc_column][vc_column_text]\n[\/vc_column_text][\/vc_column][\/vc_row][vc_row][vc_column width=&#8221;1\/4&#8243;][\/vc_column][vc_column width=&#8221;1\/4&#8243;]<div class=\"team-box\"><div class=\"pr-bg pr-bg-white\"><\/div><div class=\"team-photo\"><div class=\"overlay\"><\/div><img decoding=\"async\" src=\"https:\/\/www.fairymotion.com\/wp-content\/uploads\/2020\/03\/Pictures-Carre.png\" alt=\"\" class=\"respimg\"><ul class=\"team-social\"><\/ul><\/div><div class=\"team-info\"><h3><a href=\"https:\/\/fairymotion.com\/pictures-division\"><\/a><\/h3><h4><\/h4><p>  <\/p><\/div><\/div>[vc_btn title=&#8221;Services Pictures Division&#8221; color=&#8221;info&#8221; link=&#8221;url:https%3A%2F%2Fwww.fairymotion.com%2Ffr%2Fpictures-division%2F|title:Pictures%20Division||&#8221;][\/vc_column][vc_column width=&#8221;1\/4&#8243;]<div class=\"team-box\"><div class=\"pr-bg pr-bg-white\"><\/div><div class=\"team-photo\"><div class=\"overlay\"><\/div><img decoding=\"async\" src=\"https:\/\/www.fairymotion.com\/wp-content\/uploads\/2020\/03\/COmmunication-Carre.png\" alt=\"\" class=\"respimg\"><ul class=\"team-social\"><\/ul><\/div><div class=\"team-info\"><h3><a href=\"https:\/\/fairymotion.com\/communication-division\"><\/a><\/h3><h4><\/h4><p>  <\/p><\/div><\/div>[vc_btn title=&#8221;Services Communication Division&#8221; color=&#8221;sky&#8221; link=&#8221;url:https%3A%2F%2Fwww.fairymotion.com%2Ffr%2Fcommunication-division%2F|title:Communication%20Division||&#8221;][\/vc_column][vc_column width=&#8221;1\/4&#8243;][\/vc_column][\/vc_row]\n","protected":false},"excerpt":{"rendered":"<p>[vc_row secpadding=&#8221;st2&#8243; enabletitle=&#8221;st2&#8243; theside_sec_title=&#8221;L\u2019Architecture du marketing&#8221;][vc_column][vc_row_inner][vc_column_inner width=&#8221;1\/2&#8243;][\/vc_column_inner][vc_column_inner width=&#8221;1\/2&#8243;][\/vc_column_inner][\/vc_row_inner][vc_row_inner][vc_column_inner width=&#8221;1\/2&#8243;][\/vc_column_inner][vc_column_inner width=&#8221;1\/2&#8243;][\/vc_column_inner][\/vc_row_inner][\/vc_column][\/vc_row][vc_row][vc_column][vc_column_text] [\/vc_column_text][\/vc_column][\/vc_row][vc_row][vc_column width=&#8221;1\/4&#8243;][\/vc_column][vc_column width=&#8221;1\/4&#8243;][vc_btn title=&#8221;Services Pictures Division&#8221; color=&#8221;info&#8221; link=&#8221;url:https%3A%2F%2Fwww.fairymotion.com%2Ffr%2Fpictures-division%2F|title:Pictures%20Division||&#8221;][\/vc_column][vc_column width=&#8221;1\/4&#8243;][vc_btn title=&#8221;Services Communication Division&#8221; color=&#8221;sky&#8221; link=&#8221;url:https%3A%2F%2Fwww.fairymotion.com%2Ffr%2Fcommunication-division%2F|title:Communication%20Division||&#8221;][\/vc_column][vc_column width=&#8221;1\/4&#8243;][\/vc_column][\/vc_row]<\/p>\n","protected":false},"author":4,"featured_media":16627,"parent":0,"menu_order":0,"comment_status":"closed","ping_status":"closed","template":"","meta":{"seo_booster_metabox":"","_monsterinsights_skip_tracking":false,"_monsterinsights_sitenote_active":false,"_monsterinsights_sitenote_note":"","_monsterinsights_sitenote_category":0,"footnotes":""},"yoast_head":"<!-- This site is optimized with the Yoast SEO plugin v21.8.1 - https:\/\/yoast.com\/wordpress\/plugins\/seo\/ -->\n<title>FairyMotion - Communication Agency - Geneva<\/title>\n<meta name=\"description\" content=\"FairyMotion - Communication Agency based in Geneva : Video \/ Marketing \/ Communication\" \/>\n<meta name=\"robots\" content=\"index, follow, max-snippet:-1, max-image-preview:large, max-video-preview:-1\" \/>\n<link rel=\"canonical\" href=\"https:\/\/www.fairymotion.com\/fr\/marketing-division\/\" \/>\n<meta property=\"og:locale\" content=\"fr_FR\" \/>\n<meta property=\"og:type\" content=\"article\" \/>\n<meta property=\"og:title\" content=\"FairyMotion - Communication Agency - Geneva\" \/>\n<meta property=\"og:description\" content=\"FairyMotion - Communication Agency based in Geneva : Video \/ Marketing \/ Communication\" \/>\n<meta property=\"og:url\" content=\"https:\/\/www.fairymotion.com\/fr\/marketing-division\/\" \/>\n<meta property=\"og:site_name\" content=\"FairyMotion\" \/>\n<meta property=\"article:publisher\" content=\"https:\/\/facebook.com\/fairymotion.agency\" \/>\n<meta property=\"article:modified_time\" content=\"2020-03-10T18:11:07+00:00\" \/>\n<meta property=\"og:image\" content=\"https:\/\/www.fairymotion.com\/wp-content\/uploads\/2020\/03\/Marketing-Rec-1.png\" \/>\n\t<meta property=\"og:image:width\" content=\"1015\" \/>\n\t<meta property=\"og:image:height\" content=\"1253\" \/>\n\t<meta property=\"og:image:type\" content=\"image\/png\" \/>\n<meta name=\"twitter:card\" content=\"summary_large_image\" \/>\n<meta name=\"twitter:site\" content=\"@fairymotion\" \/>\n<meta name=\"twitter:label1\" content=\"Dur\u00e9e de lecture estim\u00e9e\" \/>\n\t<meta name=\"twitter:data1\" content=\"2 minutes\" \/>\n<script type=\"application\/ld+json\" class=\"yoast-schema-graph\">{\"@context\":\"https:\/\/schema.org\",\"@graph\":[{\"@type\":\"WebPage\",\"@id\":\"https:\/\/www.fairymotion.com\/fr\/marketing-division\/\",\"url\":\"https:\/\/www.fairymotion.com\/fr\/marketing-division\/\",\"name\":\"FairyMotion - Communication Agency - Geneva\",\"isPartOf\":{\"@id\":\"https:\/\/www.fairymotion.com\/fr\/#website\"},\"datePublished\":\"2020-03-03T14:27:43+00:00\",\"dateModified\":\"2020-03-10T18:11:07+00:00\",\"description\":\"FairyMotion - Communication Agency based in Geneva : Video \/ Marketing \/ Communication\",\"breadcrumb\":{\"@id\":\"https:\/\/www.fairymotion.com\/fr\/marketing-division\/#breadcrumb\"},\"inLanguage\":\"fr-FR\",\"potentialAction\":[{\"@type\":\"ReadAction\",\"target\":[\"https:\/\/www.fairymotion.com\/fr\/marketing-division\/\"]}]},{\"@type\":\"BreadcrumbList\",\"@id\":\"https:\/\/www.fairymotion.com\/fr\/marketing-division\/#breadcrumb\",\"itemListElement\":[{\"@type\":\"ListItem\",\"position\":1,\"name\":\"Accueil\",\"item\":\"https:\/\/www.fairymotion.com\/fr\/\"},{\"@type\":\"ListItem\",\"position\":2,\"name\":\"Marketing Division\"}]},{\"@type\":\"WebSite\",\"@id\":\"https:\/\/www.fairymotion.com\/fr\/#website\",\"url\":\"https:\/\/www.fairymotion.com\/fr\/\",\"name\":\"FairyMotion\",\"description\":\"Communication Agency\",\"publisher\":{\"@id\":\"https:\/\/www.fairymotion.com\/fr\/#organization\"},\"potentialAction\":[{\"@type\":\"SearchAction\",\"target\":{\"@type\":\"EntryPoint\",\"urlTemplate\":\"https:\/\/www.fairymotion.com\/fr\/?s={search_term_string}\"},\"query-input\":\"required name=search_term_string\"}],\"inLanguage\":\"fr-FR\"},{\"@type\":\"Organization\",\"@id\":\"https:\/\/www.fairymotion.com\/fr\/#organization\",\"name\":\"FairyMotion - Communication Agency - Geneva\",\"url\":\"https:\/\/www.fairymotion.com\/fr\/\",\"logo\":{\"@type\":\"ImageObject\",\"inLanguage\":\"fr-FR\",\"@id\":\"https:\/\/www.fairymotion.com\/fr\/#\/schema\/logo\/image\/\",\"url\":\"https:\/\/www.fairymotion.com\/wp-content\/uploads\/2020\/03\/Logo-Square-Fairy-2020.png\",\"contentUrl\":\"https:\/\/www.fairymotion.com\/wp-content\/uploads\/2020\/03\/Logo-Square-Fairy-2020.png\",\"width\":1200,\"height\":1200,\"caption\":\"FairyMotion - Communication Agency - Geneva\"},\"image\":{\"@id\":\"https:\/\/www.fairymotion.com\/fr\/#\/schema\/logo\/image\/\"},\"sameAs\":[\"https:\/\/facebook.com\/fairymotion.agency\",\"https:\/\/twitter.com\/fairymotion\",\"https:\/\/instagram.com\/fairymotion.agency\",\"https:\/\/youtube.com\/user\/FairyMotion\"]}]}<\/script>\n<!-- \/ Yoast SEO plugin. -->","yoast_head_json":{"title":"FairyMotion - Communication Agency - Geneva","description":"FairyMotion - Communication Agency based in Geneva : Video \/ Marketing \/ Communication","robots":{"index":"index","follow":"follow","max-snippet":"max-snippet:-1","max-image-preview":"max-image-preview:large","max-video-preview":"max-video-preview:-1"},"canonical":"https:\/\/www.fairymotion.com\/fr\/marketing-division\/","og_locale":"fr_FR","og_type":"article","og_title":"FairyMotion - Communication Agency - Geneva","og_description":"FairyMotion - Communication Agency based in Geneva : Video \/ Marketing \/ Communication","og_url":"https:\/\/www.fairymotion.com\/fr\/marketing-division\/","og_site_name":"FairyMotion","article_publisher":"https:\/\/facebook.com\/fairymotion.agency","article_modified_time":"2020-03-10T18:11:07+00:00","og_image":[{"width":1015,"height":1253,"url":"https:\/\/www.fairymotion.com\/wp-content\/uploads\/2020\/03\/Marketing-Rec-1.png","type":"image\/png"}],"twitter_card":"summary_large_image","twitter_site":"@fairymotion","twitter_misc":{"Dur\u00e9e de lecture estim\u00e9e":"2 minutes"},"schema":{"@context":"https:\/\/schema.org","@graph":[{"@type":"WebPage","@id":"https:\/\/www.fairymotion.com\/fr\/marketing-division\/","url":"https:\/\/www.fairymotion.com\/fr\/marketing-division\/","name":"FairyMotion - Communication Agency - Geneva","isPartOf":{"@id":"https:\/\/www.fairymotion.com\/fr\/#website"},"datePublished":"2020-03-03T14:27:43+00:00","dateModified":"2020-03-10T18:11:07+00:00","description":"FairyMotion - Communication Agency based in Geneva : Video \/ Marketing \/ Communication","breadcrumb":{"@id":"https:\/\/www.fairymotion.com\/fr\/marketing-division\/#breadcrumb"},"inLanguage":"fr-FR","potentialAction":[{"@type":"ReadAction","target":["https:\/\/www.fairymotion.com\/fr\/marketing-division\/"]}]},{"@type":"BreadcrumbList","@id":"https:\/\/www.fairymotion.com\/fr\/marketing-division\/#breadcrumb","itemListElement":[{"@type":"ListItem","position":1,"name":"Accueil","item":"https:\/\/www.fairymotion.com\/fr\/"},{"@type":"ListItem","position":2,"name":"Marketing Division"}]},{"@type":"WebSite","@id":"https:\/\/www.fairymotion.com\/fr\/#website","url":"https:\/\/www.fairymotion.com\/fr\/","name":"FairyMotion","description":"Communication Agency","publisher":{"@id":"https:\/\/www.fairymotion.com\/fr\/#organization"},"potentialAction":[{"@type":"SearchAction","target":{"@type":"EntryPoint","urlTemplate":"https:\/\/www.fairymotion.com\/fr\/?s={search_term_string}"},"query-input":"required name=search_term_string"}],"inLanguage":"fr-FR"},{"@type":"Organization","@id":"https:\/\/www.fairymotion.com\/fr\/#organization","name":"FairyMotion - Communication Agency - Geneva","url":"https:\/\/www.fairymotion.com\/fr\/","logo":{"@type":"ImageObject","inLanguage":"fr-FR","@id":"https:\/\/www.fairymotion.com\/fr\/#\/schema\/logo\/image\/","url":"https:\/\/www.fairymotion.com\/wp-content\/uploads\/2020\/03\/Logo-Square-Fairy-2020.png","contentUrl":"https:\/\/www.fairymotion.com\/wp-content\/uploads\/2020\/03\/Logo-Square-Fairy-2020.png","width":1200,"height":1200,"caption":"FairyMotion - Communication Agency - Geneva"},"image":{"@id":"https:\/\/www.fairymotion.com\/fr\/#\/schema\/logo\/image\/"},"sameAs":["https:\/\/facebook.com\/fairymotion.agency","https:\/\/twitter.com\/fairymotion","https:\/\/instagram.com\/fairymotion.agency","https:\/\/youtube.com\/user\/FairyMotion"]}]}},"_links":{"self":[{"href":"https:\/\/www.fairymotion.com\/fr\/wp-json\/wp\/v2\/pages\/16638"}],"collection":[{"href":"https:\/\/www.fairymotion.com\/fr\/wp-json\/wp\/v2\/pages"}],"about":[{"href":"https:\/\/www.fairymotion.com\/fr\/wp-json\/wp\/v2\/types\/page"}],"author":[{"embeddable":true,"href":"https:\/\/www.fairymotion.com\/fr\/wp-json\/wp\/v2\/users\/4"}],"replies":[{"embeddable":true,"href":"https:\/\/www.fairymotion.com\/fr\/wp-json\/wp\/v2\/comments?post=16638"}],"version-history":[{"count":4,"href":"https:\/\/www.fairymotion.com\/fr\/wp-json\/wp\/v2\/pages\/16638\/revisions"}],"predecessor-version":[{"id":16705,"href":"https:\/\/www.fairymotion.com\/fr\/wp-json\/wp\/v2\/pages\/16638\/revisions\/16705"}],"wp:featuredmedia":[{"embeddable":true,"href":"https:\/\/www.fairymotion.com\/fr\/wp-json\/wp\/v2\/media\/16627"}],"wp:attachment":[{"href":"https:\/\/www.fairymotion.com\/fr\/wp-json\/wp\/v2\/media?parent=16638"}],"curies":[{"name":"wp","href":"https:\/\/api.w.org\/{rel}","templated":true}]}}