{"id":16636,"date":"2020-03-09T17:54:41","date_gmt":"2020-03-09T16:54:41","guid":{"rendered":"https:\/\/www.fairymotion.com\/?page_id=16636"},"modified":"2020-03-10T19:15:39","modified_gmt":"2020-03-10T18:15:39","slug":"jobs","status":"publish","type":"page","link":"https:\/\/www.fairymotion.com\/fr\/jobs\/","title":{"rendered":"Jobs"},"content":{"rendered":"[vc_row secpadding=&#8221;st2&#8243; enabletitle=&#8221;st2&#8243; theside_sec_title=&#8221;Rejoignez-nous !&#8221;][vc_column]<div class=\"column-wrap-content fl-wrap\"><div class=\"column-wrap-media fl-wrap\"><div class=\"pr-bg pr-bg-white\"><\/div><img decoding=\"async\" src=\"https:\/\/www.fairymotion.com\/wp-content\/uploads\/2020\/03\/Contact.png\"  class=\"respimg\" alt=\"\"><a href=\"https:\/\/youtu.be\/Puf0WCTumm4\" class=\"column-wrap-media_btn color-bg image-popup\">LA DEMOREEL <i class=\"fas fa-play\"><\/i><div class=\"pr-bg pr-bg-white\"><\/div><\/a><\/div><div class=\"column-wrap-text vc_element_text\"><div class=\"row\"><div class=\"col-md-4\">\n                  <h3 class=\"pr-subtitle\">\n                  REJOIGNEZ NOTRE \u00c9QUIPE D&#039;ARCHITECTES\n                 <div class=\"pr-bg pr-bg-white\"><\/div>\n                 <\/h3>\n                 <\/div><div class=\"col-md-8 video_content_text\"><div class=\"pr-bg pr-bg-white\"><\/div>\n<blockquote><p><em>Pour \u00eatre le lieu de travail id\u00e9al que nous sommes, la recherche de personnes authentiques, cr\u00e9atives et extraordinaires est constante. Nous avons besoin de VOUS pour garantir la continuit\u00e9 de notre mani\u00e8re de fa\u00e7onner la r\u00e9alit\u00e9 de la communication et pour ouvrir de nouvelles voies d\u2019approche dans le monde num\u00e9rique et r\u00e9el. Nous recherchons l&#8217;excellence cr\u00e9ative en offrant des outils de communication innovants et efficaces de haute qualit\u00e9.<\/em><\/p>\n<p><em>La cl\u00e9 de notre strat\u00e9gie a toujours \u00e9t\u00e9 d&#8217;\u00eatre les architectes et les constructeurs de concepts uniques qui nous distinguent de beaucoup d&#8217;autres. Partager notre passion et notre engagement envers la qualit\u00e9 est au c\u0153ur de nos valeurs fondamentales ; int\u00e9grit\u00e9 et honn\u00eatet\u00e9, enthousiasme sans fin et esprit d&#8217;am\u00e9lioration continue. Parce que nous croyons en nos valeurs fondamentales, nous continuons \u00e0 identifier des personnes talentueuses qui partagent ces principes pour les compter parmi nous.<\/em><\/p>\n<p><em>Nous sommes dans une industrie en pleine croissance, op\u00e9rant dans un environnement international ; les gens qui travaillent avec nous ont une grande opportunit\u00e9 de voyager dans diff\u00e9rents endroits, vivre des exp\u00e9riences uniques et enrichissantes et entrer en contact avec diff\u00e9rentes cultures tout en cr\u00e9ant un contenu duquel nous serons tous fiers.<\/em><\/p>\n<p><em>FairyMotion a \u00e9t\u00e9 construite, non seulement gr\u00e2ce aux efforts de quelques-uns, mais aussi gr\u00e2ce aux efforts de chaque personne au sein de l&#8217;Agence qui s&#8217;efforce \u00e0 faire la diff\u00e9rence, se d\u00e9passer et d&#8217;aller toujours plus loin.<\/em><\/p>\n<p><em>Si vous attendiez un signe ; le voil\u00e0. Rejoignez-nous!<\/em><\/p><\/blockquote>\n<\/div><\/div><\/div><\/div>[vc_column_text]<div class=\"wpforms-container wpforms-container-full\" id=\"wpforms-16327\"><form id=\"wpforms-form-16327\" class=\"wpforms-validate wpforms-form\" data-formid=\"16327\" method=\"post\" enctype=\"multipart\/form-data\" action=\"\/fr\/wp-json\/wp\/v2\/pages\/16636?wpforms_form_id=16327\" data-token=\"25e171254cb7301f71fe1834351f810d\"><noscript class=\"wpforms-error-noscript\">Veuillez activer JavaScript dans votre navigateur pour remplir ce formulaire.<\/noscript><div class=\"wpforms-field-container\"><div id=\"wpforms-16327-field_0-container\" class=\"wpforms-field wpforms-field-name wpforms-one-half wpforms-first\" data-field-id=\"0\"><input type=\"text\" id=\"wpforms-16327-field_0\" class=\"wpforms-field-large wpforms-field-required\" name=\"wpforms[fields][0]\" placeholder=\"Name\" required><\/div><div id=\"wpforms-16327-field_1-container\" class=\"wpforms-field wpforms-field-email wpforms-one-half\" data-field-id=\"1\"><input type=\"email\" id=\"wpforms-16327-field_1\" class=\"wpforms-field-large wpforms-field-required\" name=\"wpforms[fields][1]\" placeholder=\"E-Mail\" spellcheck=\"false\" required><\/div><div id=\"wpforms-16327-field_4-container\" class=\"wpforms-field wpforms-field-select wpforms-one-half wpforms-first wpforms-field-select-style-classic\" data-field-id=\"4\"><label class=\"wpforms-field-label wpforms-label-hide\" for=\"wpforms-16327-field_4\">What are you looking for ? <span class=\"wpforms-required-label\">*<\/span><\/label><select id=\"wpforms-16327-field_4\" class=\"wpforms-field-large wpforms-field-required\" name=\"wpforms[fields][4]\" required=\"required\"><option value=\"\" class=\"placeholder\" disabled  selected='selected'>What are you looking for ?<\/option><option value=\"Freelance\" >Freelance<\/option><option value=\"Internship\" >Internship<\/option><option value=\"Employment\" >Employment<\/option><\/select><\/div><div id=\"wpforms-16327-field_2-container\" class=\"wpforms-field wpforms-field-textarea\" data-field-id=\"2\"><textarea id=\"wpforms-16327-field_2\" class=\"wpforms-field-medium wpforms-field-required\" name=\"wpforms[fields][2]\" placeholder=\"Show us your motivation\" required><\/textarea><\/div><div id=\"wpforms-16327-field_3-container\" class=\"wpforms-field wpforms-field-file-upload\" data-field-id=\"3\"><div\n\t\tclass=\"wpforms-uploader\"\n\t\tdata-field-id=\"3\"\n\t\tdata-form-id=\"16327\"\n\t\tdata-input-name=\"wpforms_16327_3\"\n\t\tdata-extensions=\"jpg,jpeg,jpe,gif,png,bmp,tiff,tif,webp,ico,heic,asf,asx,wmv,wmx,wm,avi,divx,mov,qt,mpeg,mpg,mpe,mp4,m4v,ogv,webm,mkv,3gp,3gpp,3g2,3gp2,txt,asc,c,cc,h,srt,csv,tsv,ics,rtx,css,vtt,mp3,m4a,m4b,aac,ra,ram,wav,ogg,oga,flac,mid,midi,wma,wax,mka,rtf,pdf,class,tar,zip,gz,gzip,rar,7z,psd,xcf,doc,pot,pps,ppt,wri,xla,xls,xlt,xlw,mpp,docx,docm,dotx,dotm,xlsx,xlsm,xlsb,xltx,xltm,xlam,pptx,pptm,ppsx,ppsm,potx,potm,ppam,sldx,sldm,onetoc,onetoc2,onepkg,oxps,xps,odt,odp,ods,odg,odc,odb,odf,wp,wpd,key,numbers,pages,ttf,otf,eot,woff,woff2,svg,redux\"\n\t\tdata-max-size=\"314572800\"\n\t\tdata-max-file-number=\"1\"\n\t\tdata-post-max-size=\"314572800\"\n\t\tdata-max-parallel-uploads=\"4\"\n\t\tdata-parallel-uploads=\"true\"\n\t\tdata-file-chunk-size=\"2097152\">\n\t<div class=\"dz-message\">\n\t\t<svg viewBox=\"0 0 1024 1024\" focusable=\"false\" data-icon=\"inbox\" width=\"50px\" height=\"50px\" fill=\"currentColor\" aria-hidden=\"true\">\n\t\t\t<path d=\"M885.2 446.3l-.2-.8-112.2-285.1c-5-16.1-19.9-27.2-36.8-27.2H281.2c-17 0-32.1 11.3-36.9 27.6L139.4 443l-.3.7-.2.8c-1.3 4.9-1.7 9.9-1 14.8-.1 1.6-.2 3.2-.2 4.8V830a60.9 60.9 0 0 0 60.8 60.8h627.2c33.5 0 60.8-27.3 60.9-60.8V464.1c0-1.3 0-2.6-.1-3.7.4-4.9 0-9.6-1.3-14.1zm-295.8-43l-.3 15.7c-.8 44.9-31.8 75.1-77.1 75.1-22.1 0-41.1-7.1-54.8-20.6S436 441.2 435.6 419l-.3-15.7H229.5L309 210h399.2l81.7 193.3H589.4zm-375 76.8h157.3c24.3 57.1 76 90.8 140.4 90.8 33.7 0 65-9.4 90.3-27.2 22.2-15.6 39.5-37.4 50.7-63.6h156.5V814H214.4V480.1z\"><\/path>\n\t\t<\/svg>\n\t\t<span class=\"modern-title\">Click or drag a file to this area to upload.<\/span>\n\n\t\t\t<\/div>\n<\/div>\n<input\n\t\ttype=\"text\"\n\t\tautocomplete=\"off\"\n\t\tclass=\"dropzone-input\"\n\t\tstyle=\"position:absolute!important;clip:rect(0,0,0,0)!important;height:1px!important;width:1px!important;border:0!important;overflow:hidden!important;padding:0!important;margin:0!important;\"\n\t\tid=\"wpforms-16327-field_3\"\n\t\tname=\"wpforms_16327_3\" \t\tvalue=\"\">\n<\/div><\/div><!-- .wpforms-field-container --><div class=\"wpforms-field wpforms-field-hp\"><label for=\"wpforms-16327-field-hp\" class=\"wpforms-field-label\">Phone<\/label><input type=\"text\" name=\"wpforms[hp]\" id=\"wpforms-16327-field-hp\" class=\"wpforms-field-medium\"><\/div><div class=\"wpforms-recaptcha-container wpforms-is-recaptcha wpforms-is-recaptcha-type-v2\" ><div class=\"g-recaptcha\" data-sitekey=\"6Lce3d8UAAAAAF846OJl4_NqwRsT23YuGj7vDNOc\"><\/div><input type=\"text\" name=\"g-recaptcha-hidden\" class=\"wpforms-recaptcha-hidden\" style=\"position:absolute!important;clip:rect(0,0,0,0)!important;height:1px!important;width:1px!important;border:0!important;overflow:hidden!important;padding:0!important;margin:0!important;\" data-rule-recaptcha=\"1\"><\/div><div class=\"wpforms-submit-container\" ><input type=\"hidden\" name=\"wpforms[id]\" value=\"16327\"><input type=\"hidden\" name=\"wpforms[author]\" value=\"4\"><button type=\"submit\" name=\"wpforms[submit]\" id=\"wpforms-submit-16327\" class=\"wpforms-submit\" data-alt-text=\"Sending...\" data-submit-text=\"Send\" aria-live=\"assertive\" value=\"wpforms-submit\">Send<\/button><\/div><\/form><\/div>  <!-- .wpforms-container -->[\/vc_column_text][\/vc_column][\/vc_row][vc_row][vc_column width=&#8221;1\/3&#8243;]<div class=\"team-box\"><div class=\"pr-bg pr-bg-white\"><\/div><div class=\"team-photo\"><div class=\"overlay\"><\/div><img decoding=\"async\" src=\"https:\/\/www.fairymotion.com\/wp-content\/uploads\/2020\/03\/Pictures-Carre.png\" alt=\"\" class=\"respimg\"><ul class=\"team-social\"><\/ul><\/div><div class=\"team-info\"><h3><a href=\"https:\/\/fairymotion.com\/pictures-division\"><\/a><\/h3><h4><\/h4><p>  <\/p><\/div><\/div>[vc_btn title=&#8221;Services Pictures Division&#8221; color=&#8221;info&#8221; link=&#8221;url:https%3A%2F%2Fwww.fairymotion.com%2Ffr%2Fpictures-division%2F|title:Pictures%20Division||&#8221;][\/vc_column][vc_column width=&#8221;1\/3&#8243;]<div class=\"team-box\"><div class=\"pr-bg pr-bg-white\"><\/div><div class=\"team-photo\"><div class=\"overlay\"><\/div><img decoding=\"async\" src=\"https:\/\/www.fairymotion.com\/wp-content\/uploads\/2020\/03\/Marketing-Carre.png\" alt=\"\" class=\"respimg\"><ul class=\"team-social\"><\/ul><\/div><div class=\"team-info\"><h3><a href=\"https:\/\/fairymotion.com\/marketing-division\"><\/a><\/h3><h4><\/h4><p>  <\/p><\/div><\/div>[vc_btn title=&#8221;Services Marketing Division &#8221; color=&#8221;primary&#8221; link=&#8221;url:https%3A%2F%2Fwww.fairymotion.com%2Ffr%2Fmarketing-division%2F|title:Marketing%20Division||&#8221;][\/vc_column][vc_column width=&#8221;1\/3&#8243;]<div class=\"team-box\"><div class=\"pr-bg pr-bg-white\"><\/div><div class=\"team-photo\"><div class=\"overlay\"><\/div><img decoding=\"async\" src=\"https:\/\/www.fairymotion.com\/wp-content\/uploads\/2020\/03\/COmmunication-Carre.png\" alt=\"\" class=\"respimg\"><ul class=\"team-social\"><\/ul><\/div><div class=\"team-info\"><h3><a href=\"https:\/\/fairymotion.com\/communication-division\"><\/a><\/h3><h4><\/h4><p>  <\/p><\/div><\/div>[vc_btn title=&#8221;Services Communication Division &#8221; color=&#8221;sky&#8221; link=&#8221;url:https%3A%2F%2Fwww.fairymotion.com%2Ffr%2Fcommunication-division%2F|title:Communication%20Division||&#8221;][\/vc_column][\/vc_row]\n","protected":false},"excerpt":{"rendered":"<p>[vc_row secpadding=&#8221;st2&#8243; enabletitle=&#8221;st2&#8243; theside_sec_title=&#8221;Rejoignez-nous !&#8221;][vc_column][vc_column_text][\/vc_column_text][\/vc_column][\/vc_row][vc_row][vc_column width=&#8221;1\/3&#8243;][vc_btn title=&#8221;Services Pictures Division&#8221; color=&#8221;info&#8221; link=&#8221;url:https%3A%2F%2Fwww.fairymotion.com%2Ffr%2Fpictures-division%2F|title:Pictures%20Division||&#8221;][\/vc_column][vc_column width=&#8221;1\/3&#8243;][vc_btn title=&#8221;Services Marketing Division &#8221; color=&#8221;primary&#8221; link=&#8221;url:https%3A%2F%2Fwww.fairymotion.com%2Ffr%2Fmarketing-division%2F|title:Marketing%20Division||&#8221;][\/vc_column][vc_column width=&#8221;1\/3&#8243;][vc_btn title=&#8221;Services Communication Division &#8221; color=&#8221;sky&#8221; link=&#8221;url:https%3A%2F%2Fwww.fairymotion.com%2Ffr%2Fcommunication-division%2F|title:Communication%20Division||&#8221;][\/vc_column][\/vc_row]<\/p>\n","protected":false},"author":4,"featured_media":16629,"parent":0,"menu_order":0,"comment_status":"closed","ping_status":"closed","template":"","meta":{"seo_booster_metabox":"","_monsterinsights_skip_tracking":false,"_monsterinsights_sitenote_active":false,"_monsterinsights_sitenote_note":"","_monsterinsights_sitenote_category":0,"footnotes":""},"yoast_head":"<!-- This site is optimized with the Yoast SEO plugin v21.8.1 - https:\/\/yoast.com\/wordpress\/plugins\/seo\/ -->\n<title>FairyMotion - Communication Agency - Geneva<\/title>\n<meta name=\"description\" content=\"FairyMotion - Communication Agency based in Geneva : Video \/ Marketing \/ Communication\" \/>\n<meta name=\"robots\" content=\"index, follow, max-snippet:-1, max-image-preview:large, max-video-preview:-1\" \/>\n<link rel=\"canonical\" href=\"https:\/\/www.fairymotion.com\/fr\/jobs\/\" \/>\n<meta property=\"og:locale\" content=\"fr_FR\" \/>\n<meta property=\"og:type\" content=\"article\" \/>\n<meta property=\"og:title\" content=\"FairyMotion - Communication Agency - Geneva\" \/>\n<meta property=\"og:description\" content=\"FairyMotion - Communication Agency based in Geneva : Video \/ Marketing \/ Communication\" \/>\n<meta property=\"og:url\" content=\"https:\/\/www.fairymotion.com\/fr\/jobs\/\" \/>\n<meta property=\"og:site_name\" content=\"FairyMotion\" \/>\n<meta property=\"article:publisher\" content=\"https:\/\/facebook.com\/fairymotion.agency\" \/>\n<meta property=\"article:modified_time\" content=\"2020-03-10T18:15:39+00:00\" \/>\n<meta property=\"og:image\" content=\"https:\/\/www.fairymotion.com\/wp-content\/uploads\/2020\/03\/Contact-Side.png\" \/>\n\t<meta property=\"og:image:width\" content=\"1015\" \/>\n\t<meta property=\"og:image:height\" content=\"1253\" \/>\n\t<meta property=\"og:image:type\" content=\"image\/png\" \/>\n<meta name=\"twitter:card\" content=\"summary_large_image\" \/>\n<meta name=\"twitter:site\" content=\"@fairymotion\" \/>\n<meta name=\"twitter:label1\" content=\"Dur\u00e9e de lecture estim\u00e9e\" \/>\n\t<meta name=\"twitter:data1\" content=\"2 minutes\" \/>\n<script type=\"application\/ld+json\" class=\"yoast-schema-graph\">{\"@context\":\"https:\/\/schema.org\",\"@graph\":[{\"@type\":\"WebPage\",\"@id\":\"https:\/\/www.fairymotion.com\/fr\/jobs\/\",\"url\":\"https:\/\/www.fairymotion.com\/fr\/jobs\/\",\"name\":\"FairyMotion - Communication Agency - Geneva\",\"isPartOf\":{\"@id\":\"https:\/\/www.fairymotion.com\/fr\/#website\"},\"datePublished\":\"2020-03-09T16:54:41+00:00\",\"dateModified\":\"2020-03-10T18:15:39+00:00\",\"description\":\"FairyMotion - Communication Agency based in Geneva : Video \/ Marketing \/ Communication\",\"breadcrumb\":{\"@id\":\"https:\/\/www.fairymotion.com\/fr\/jobs\/#breadcrumb\"},\"inLanguage\":\"fr-FR\",\"potentialAction\":[{\"@type\":\"ReadAction\",\"target\":[\"https:\/\/www.fairymotion.com\/fr\/jobs\/\"]}]},{\"@type\":\"BreadcrumbList\",\"@id\":\"https:\/\/www.fairymotion.com\/fr\/jobs\/#breadcrumb\",\"itemListElement\":[{\"@type\":\"ListItem\",\"position\":1,\"name\":\"Accueil\",\"item\":\"https:\/\/www.fairymotion.com\/fr\/\"},{\"@type\":\"ListItem\",\"position\":2,\"name\":\"Jobs\"}]},{\"@type\":\"WebSite\",\"@id\":\"https:\/\/www.fairymotion.com\/fr\/#website\",\"url\":\"https:\/\/www.fairymotion.com\/fr\/\",\"name\":\"FairyMotion\",\"description\":\"Communication Agency\",\"publisher\":{\"@id\":\"https:\/\/www.fairymotion.com\/fr\/#organization\"},\"potentialAction\":[{\"@type\":\"SearchAction\",\"target\":{\"@type\":\"EntryPoint\",\"urlTemplate\":\"https:\/\/www.fairymotion.com\/fr\/?s={search_term_string}\"},\"query-input\":\"required name=search_term_string\"}],\"inLanguage\":\"fr-FR\"},{\"@type\":\"Organization\",\"@id\":\"https:\/\/www.fairymotion.com\/fr\/#organization\",\"name\":\"FairyMotion - Communication Agency - Geneva\",\"url\":\"https:\/\/www.fairymotion.com\/fr\/\",\"logo\":{\"@type\":\"ImageObject\",\"inLanguage\":\"fr-FR\",\"@id\":\"https:\/\/www.fairymotion.com\/fr\/#\/schema\/logo\/image\/\",\"url\":\"https:\/\/www.fairymotion.com\/wp-content\/uploads\/2020\/03\/Logo-Square-Fairy-2020.png\",\"contentUrl\":\"https:\/\/www.fairymotion.com\/wp-content\/uploads\/2020\/03\/Logo-Square-Fairy-2020.png\",\"width\":1200,\"height\":1200,\"caption\":\"FairyMotion - Communication Agency - Geneva\"},\"image\":{\"@id\":\"https:\/\/www.fairymotion.com\/fr\/#\/schema\/logo\/image\/\"},\"sameAs\":[\"https:\/\/facebook.com\/fairymotion.agency\",\"https:\/\/twitter.com\/fairymotion\",\"https:\/\/instagram.com\/fairymotion.agency\",\"https:\/\/youtube.com\/user\/FairyMotion\"]}]}<\/script>\n<!-- \/ Yoast SEO plugin. -->","yoast_head_json":{"title":"FairyMotion - Communication Agency - Geneva","description":"FairyMotion - Communication Agency based in Geneva : Video \/ Marketing \/ Communication","robots":{"index":"index","follow":"follow","max-snippet":"max-snippet:-1","max-image-preview":"max-image-preview:large","max-video-preview":"max-video-preview:-1"},"canonical":"https:\/\/www.fairymotion.com\/fr\/jobs\/","og_locale":"fr_FR","og_type":"article","og_title":"FairyMotion - Communication Agency - Geneva","og_description":"FairyMotion - Communication Agency based in Geneva : Video \/ Marketing \/ Communication","og_url":"https:\/\/www.fairymotion.com\/fr\/jobs\/","og_site_name":"FairyMotion","article_publisher":"https:\/\/facebook.com\/fairymotion.agency","article_modified_time":"2020-03-10T18:15:39+00:00","og_image":[{"width":1015,"height":1253,"url":"https:\/\/www.fairymotion.com\/wp-content\/uploads\/2020\/03\/Contact-Side.png","type":"image\/png"}],"twitter_card":"summary_large_image","twitter_site":"@fairymotion","twitter_misc":{"Dur\u00e9e de lecture estim\u00e9e":"2 minutes"},"schema":{"@context":"https:\/\/schema.org","@graph":[{"@type":"WebPage","@id":"https:\/\/www.fairymotion.com\/fr\/jobs\/","url":"https:\/\/www.fairymotion.com\/fr\/jobs\/","name":"FairyMotion - Communication Agency - Geneva","isPartOf":{"@id":"https:\/\/www.fairymotion.com\/fr\/#website"},"datePublished":"2020-03-09T16:54:41+00:00","dateModified":"2020-03-10T18:15:39+00:00","description":"FairyMotion - Communication Agency based in Geneva : Video \/ Marketing \/ Communication","breadcrumb":{"@id":"https:\/\/www.fairymotion.com\/fr\/jobs\/#breadcrumb"},"inLanguage":"fr-FR","potentialAction":[{"@type":"ReadAction","target":["https:\/\/www.fairymotion.com\/fr\/jobs\/"]}]},{"@type":"BreadcrumbList","@id":"https:\/\/www.fairymotion.com\/fr\/jobs\/#breadcrumb","itemListElement":[{"@type":"ListItem","position":1,"name":"Accueil","item":"https:\/\/www.fairymotion.com\/fr\/"},{"@type":"ListItem","position":2,"name":"Jobs"}]},{"@type":"WebSite","@id":"https:\/\/www.fairymotion.com\/fr\/#website","url":"https:\/\/www.fairymotion.com\/fr\/","name":"FairyMotion","description":"Communication Agency","publisher":{"@id":"https:\/\/www.fairymotion.com\/fr\/#organization"},"potentialAction":[{"@type":"SearchAction","target":{"@type":"EntryPoint","urlTemplate":"https:\/\/www.fairymotion.com\/fr\/?s={search_term_string}"},"query-input":"required name=search_term_string"}],"inLanguage":"fr-FR"},{"@type":"Organization","@id":"https:\/\/www.fairymotion.com\/fr\/#organization","name":"FairyMotion - Communication Agency - Geneva","url":"https:\/\/www.fairymotion.com\/fr\/","logo":{"@type":"ImageObject","inLanguage":"fr-FR","@id":"https:\/\/www.fairymotion.com\/fr\/#\/schema\/logo\/image\/","url":"https:\/\/www.fairymotion.com\/wp-content\/uploads\/2020\/03\/Logo-Square-Fairy-2020.png","contentUrl":"https:\/\/www.fairymotion.com\/wp-content\/uploads\/2020\/03\/Logo-Square-Fairy-2020.png","width":1200,"height":1200,"caption":"FairyMotion - Communication Agency - Geneva"},"image":{"@id":"https:\/\/www.fairymotion.com\/fr\/#\/schema\/logo\/image\/"},"sameAs":["https:\/\/facebook.com\/fairymotion.agency","https:\/\/twitter.com\/fairymotion","https:\/\/instagram.com\/fairymotion.agency","https:\/\/youtube.com\/user\/FairyMotion"]}]}},"_links":{"self":[{"href":"https:\/\/www.fairymotion.com\/fr\/wp-json\/wp\/v2\/pages\/16636"}],"collection":[{"href":"https:\/\/www.fairymotion.com\/fr\/wp-json\/wp\/v2\/pages"}],"about":[{"href":"https:\/\/www.fairymotion.com\/fr\/wp-json\/wp\/v2\/types\/page"}],"author":[{"embeddable":true,"href":"https:\/\/www.fairymotion.com\/fr\/wp-json\/wp\/v2\/users\/4"}],"replies":[{"embeddable":true,"href":"https:\/\/www.fairymotion.com\/fr\/wp-json\/wp\/v2\/comments?post=16636"}],"version-history":[{"count":6,"href":"https:\/\/www.fairymotion.com\/fr\/wp-json\/wp\/v2\/pages\/16636\/revisions"}],"predecessor-version":[{"id":16709,"href":"https:\/\/www.fairymotion.com\/fr\/wp-json\/wp\/v2\/pages\/16636\/revisions\/16709"}],"wp:featuredmedia":[{"embeddable":true,"href":"https:\/\/www.fairymotion.com\/fr\/wp-json\/wp\/v2\/media\/16629"}],"wp:attachment":[{"href":"https:\/\/www.fairymotion.com\/fr\/wp-json\/wp\/v2\/media?parent=16636"}],"curies":[{"name":"wp","href":"https:\/\/api.w.org\/{rel}","templated":true}]}}