{"id":16805,"date":"2020-03-10T21:54:28","date_gmt":"2020-03-10T20:54:28","guid":{"rendered":"https:\/\/www.fairymotion.com\/?page_id=16805"},"modified":"2020-03-10T22:00:27","modified_gmt":"2020-03-10T21:00:27","slug":"marketing-division","status":"publish","type":"page","link":"https:\/\/www.fairymotion.com\/es\/marketing-division\/","title":{"rendered":"Marketing Division"},"content":{"rendered":"[vc_row secpadding=&#8221;st2&#8243; enabletitle=&#8221;st2&#8243; theside_sec_title=&#8221;Arquitectura del Marketing&#8221;][vc_column]<div class=\"column-wrap-content fl-wrap\"><div class=\"column-wrap-media fl-wrap\"><div class=\"pr-bg pr-bg-white\"><\/div><img decoding=\"async\" src=\"https:\/\/www.fairymotion.com\/wp-content\/uploads\/2020\/03\/Mark4.png\"  class=\"respimg\" alt=\"\"><a href=\"https:\/\/youtu.be\/Puf0WCTumm4\" class=\"column-wrap-media_btn color-bg image-popup\">Demoreel <i class=\"fas fa-play\"><\/i><div class=\"pr-bg pr-bg-white\"><\/div><\/a><\/div><div class=\"column-wrap-text vc_element_text\"><div class=\"row\"><div class=\"col-md-4\">\n                  <h3 class=\"pr-subtitle\">\n                  Arquitectura del Marketing\n                 <div class=\"pr-bg pr-bg-white\"><\/div>\n                 <\/h3>\n                 <\/div><div class=\"col-md-8 video_content_text\"><div class=\"pr-bg pr-bg-white\"><\/div>\n<blockquote><p><em>En esta disciplina en constante evoluci\u00f3n, le ayudamos a mantener su negocio actualizado. Vivimos en un mundo digital donde las tendencias cambian constantemente a la velocidad del trueno; necesita personas que sepan lo que est\u00e1n haciendo y que est\u00e9n comprometidas con su marca. \u00a1No busque m\u00e1s! Aqu\u00ed estamos.<\/em><\/p><\/blockquote>\n<\/div><\/div><\/div><\/div>[vc_row_inner][vc_column_inner width=&#8221;1\/2&#8243;]<div class=\"team-box\"><div class=\"pr-bg pr-bg-white\"><\/div><div class=\"team-photo\"><div class=\"overlay\"><\/div><img decoding=\"async\" src=\"https:\/\/www.fairymotion.com\/wp-content\/uploads\/2020\/03\/MarkA.png\" alt=\"\" class=\"respimg\"><ul class=\"team-social\"><\/ul><\/div><div class=\"team-info\"><h3><\/h3><h4><\/h4><p>Estudio integral de mercado | Posicionamiento de marca | Logotipo e identidad visual | Manual personalizado y evolutivo de las especificaciones y est\u00e1ndares de la marca  <\/p><\/div><\/div>[\/vc_column_inner][vc_column_inner width=&#8221;1\/2&#8243;]<div class=\"team-box\"><div class=\"pr-bg pr-bg-white\"><\/div><div class=\"team-photo\"><div class=\"overlay\"><\/div><img decoding=\"async\" src=\"https:\/\/www.fairymotion.com\/wp-content\/uploads\/2020\/03\/MarkB.png\" alt=\"\" class=\"respimg\"><ul class=\"team-social\"><\/ul><\/div><div class=\"team-info\"><h3><\/h3><h4><\/h4><p>Estudio del recorrido de la audiencia | Asignaci\u00f3n y mapas de contenido | Dise\u00f1o de experiencia de usuario personalizada  <\/p><\/div><\/div>[\/vc_column_inner][\/vc_row_inner][vc_row_inner][vc_column_inner width=&#8221;1\/2&#8243;]<div class=\"team-box\"><div class=\"pr-bg pr-bg-white\"><\/div><div class=\"team-photo\"><div class=\"overlay\"><\/div><img decoding=\"async\" src=\"https:\/\/www.fairymotion.com\/wp-content\/uploads\/2020\/03\/MarkC.png\" alt=\"\" class=\"respimg\"><ul class=\"team-social\"><\/ul><\/div><div class=\"team-info\"><h3><\/h3><h4><\/h4><p>Investigaci\u00f3n primaria (pre-campa\u00f1a) | Estrategia de campa\u00f1a | Dise\u00f1o de integraci\u00f3n de canales | Puntos desencadenantes conductuales y sociol\u00f3gicos  <\/p><\/div><\/div>[\/vc_column_inner][vc_column_inner width=&#8221;1\/2&#8243;]<div class=\"team-box\"><div class=\"pr-bg pr-bg-white\"><\/div><div class=\"team-photo\"><div class=\"overlay\"><\/div><img decoding=\"async\" src=\"https:\/\/www.fairymotion.com\/wp-content\/uploads\/2020\/03\/MarkD.png\" alt=\"\" class=\"respimg\"><ul class=\"team-social\"><\/ul><\/div><div class=\"team-info\"><h3><\/h3><h4><\/h4><p>Identificaci\u00f3n de KPIs (factores de identificaci\u00f3n del rendimiento) | Mapeo de datos | Estrategia anal\u00edtica | Planificaci\u00f3n de optimizaci\u00f3n (Kai-Zen)  <\/p><\/div><\/div>[\/vc_column_inner][\/vc_row_inner][\/vc_column][\/vc_row][vc_row][vc_column][vc_column_text]\n[\/vc_column_text][\/vc_column][\/vc_row][vc_row][vc_column width=&#8221;1\/4&#8243;][\/vc_column][vc_column width=&#8221;1\/4&#8243;]<div class=\"team-box\"><div class=\"pr-bg pr-bg-white\"><\/div><div class=\"team-photo\"><div class=\"overlay\"><\/div><img decoding=\"async\" src=\"https:\/\/www.fairymotion.com\/wp-content\/uploads\/2020\/03\/Pictures-Carre.png\" alt=\"\" class=\"respimg\"><ul class=\"team-social\"><\/ul><\/div><div class=\"team-info\"><h3><a href=\"https:\/\/fairymotion.com\/es\/pictures-division\"><\/a><\/h3><h4><\/h4><p>  <\/p><\/div><\/div>[vc_btn title=&#8221;Pictures Division Servicios&#8221; color=&#8221;info&#8221; link=&#8221;url:https%3A%2F%2Fwww.fairymotion.com%2Fes%2Fpictures-division%2F|title:Pictures%20Division||&#8221;][\/vc_column][vc_column width=&#8221;1\/4&#8243;]<div class=\"team-box\"><div class=\"pr-bg pr-bg-white\"><\/div><div class=\"team-photo\"><div class=\"overlay\"><\/div><img decoding=\"async\" src=\"https:\/\/www.fairymotion.com\/wp-content\/uploads\/2020\/03\/COmmunication-Carre.png\" alt=\"\" class=\"respimg\"><ul class=\"team-social\"><\/ul><\/div><div class=\"team-info\"><h3><a href=\"https:\/\/fairymotion.com\/es\/communication-division\"><\/a><\/h3><h4><\/h4><p>  <\/p><\/div><\/div>[vc_btn title=&#8221;Communication Division Servicios&#8221; color=&#8221;sky&#8221; link=&#8221;url:https%3A%2F%2Fwww.fairymotion.com%2Fes%2Fcommunication-division%2F|title:Communication%20Division||&#8221;][\/vc_column][vc_column width=&#8221;1\/4&#8243;][\/vc_column][\/vc_row]\n","protected":false},"excerpt":{"rendered":"<p>[vc_row secpadding=&#8221;st2&#8243; enabletitle=&#8221;st2&#8243; theside_sec_title=&#8221;Arquitectura del Marketing&#8221;][vc_column][vc_row_inner][vc_column_inner width=&#8221;1\/2&#8243;][\/vc_column_inner][vc_column_inner width=&#8221;1\/2&#8243;][\/vc_column_inner][\/vc_row_inner][vc_row_inner][vc_column_inner width=&#8221;1\/2&#8243;][\/vc_column_inner][vc_column_inner width=&#8221;1\/2&#8243;][\/vc_column_inner][\/vc_row_inner][\/vc_column][\/vc_row][vc_row][vc_column][vc_column_text] [\/vc_column_text][\/vc_column][\/vc_row][vc_row][vc_column width=&#8221;1\/4&#8243;][\/vc_column][vc_column width=&#8221;1\/4&#8243;][vc_btn title=&#8221;Pictures Division Servicios&#8221; color=&#8221;info&#8221; link=&#8221;url:https%3A%2F%2Fwww.fairymotion.com%2Fes%2Fpictures-division%2F|title:Pictures%20Division||&#8221;][\/vc_column][vc_column width=&#8221;1\/4&#8243;][vc_btn title=&#8221;Communication Division Servicios&#8221; color=&#8221;sky&#8221; link=&#8221;url:https%3A%2F%2Fwww.fairymotion.com%2Fes%2Fcommunication-division%2F|title:Communication%20Division||&#8221;][\/vc_column][vc_column width=&#8221;1\/4&#8243;][\/vc_column][\/vc_row]<\/p>\n","protected":false},"author":4,"featured_media":16813,"parent":0,"menu_order":0,"comment_status":"closed","ping_status":"closed","template":"","meta":{"seo_booster_metabox":"","_monsterinsights_skip_tracking":false,"_monsterinsights_sitenote_active":false,"_monsterinsights_sitenote_note":"","_monsterinsights_sitenote_category":0,"footnotes":""},"yoast_head":"<!-- This site is optimized with the Yoast SEO plugin v21.8.1 - https:\/\/yoast.com\/wordpress\/plugins\/seo\/ -->\n<title>FairyMotion - Communication Agency - Geneva<\/title>\n<meta name=\"description\" content=\"FairyMotion - Communication Agency based in Geneva : Video \/ Marketing \/ Communication\" \/>\n<meta name=\"robots\" content=\"index, follow, max-snippet:-1, max-image-preview:large, max-video-preview:-1\" \/>\n<link rel=\"canonical\" href=\"https:\/\/www.fairymotion.com\/es\/marketing-division\/\" \/>\n<meta property=\"og:locale\" content=\"es_ES\" \/>\n<meta property=\"og:type\" content=\"article\" \/>\n<meta property=\"og:title\" content=\"FairyMotion - Communication Agency - Geneva\" \/>\n<meta property=\"og:description\" content=\"FairyMotion - Communication Agency based in Geneva : Video \/ Marketing \/ Communication\" \/>\n<meta property=\"og:url\" content=\"https:\/\/www.fairymotion.com\/es\/marketing-division\/\" \/>\n<meta property=\"og:site_name\" content=\"FairyMotion\" \/>\n<meta property=\"article:publisher\" content=\"https:\/\/facebook.com\/fairymotion.agency\" \/>\n<meta property=\"article:modified_time\" content=\"2020-03-10T21:00:27+00:00\" \/>\n<meta property=\"og:image\" content=\"https:\/\/www.fairymotion.com\/wp-content\/uploads\/2020\/03\/Marketing-Rec-1.png\" \/>\n\t<meta property=\"og:image:width\" content=\"1015\" \/>\n\t<meta property=\"og:image:height\" content=\"1253\" \/>\n\t<meta property=\"og:image:type\" content=\"image\/png\" \/>\n<meta name=\"twitter:card\" content=\"summary_large_image\" \/>\n<meta name=\"twitter:site\" content=\"@fairymotion\" \/>\n<meta name=\"twitter:label1\" content=\"Tiempo de lectura\" \/>\n\t<meta name=\"twitter:data1\" content=\"2 minutos\" \/>\n<script type=\"application\/ld+json\" class=\"yoast-schema-graph\">{\"@context\":\"https:\/\/schema.org\",\"@graph\":[{\"@type\":\"WebPage\",\"@id\":\"https:\/\/www.fairymotion.com\/es\/marketing-division\/\",\"url\":\"https:\/\/www.fairymotion.com\/es\/marketing-division\/\",\"name\":\"FairyMotion - Communication Agency - Geneva\",\"isPartOf\":{\"@id\":\"https:\/\/www.fairymotion.com\/es\/#website\"},\"datePublished\":\"2020-03-10T20:54:28+00:00\",\"dateModified\":\"2020-03-10T21:00:27+00:00\",\"description\":\"FairyMotion - Communication Agency based in Geneva : Video \/ Marketing \/ Communication\",\"breadcrumb\":{\"@id\":\"https:\/\/www.fairymotion.com\/es\/marketing-division\/#breadcrumb\"},\"inLanguage\":\"es\",\"potentialAction\":[{\"@type\":\"ReadAction\",\"target\":[\"https:\/\/www.fairymotion.com\/es\/marketing-division\/\"]}]},{\"@type\":\"BreadcrumbList\",\"@id\":\"https:\/\/www.fairymotion.com\/es\/marketing-division\/#breadcrumb\",\"itemListElement\":[{\"@type\":\"ListItem\",\"position\":1,\"name\":\"Accueil\",\"item\":\"https:\/\/www.fairymotion.com\/es\/\"},{\"@type\":\"ListItem\",\"position\":2,\"name\":\"Marketing Division\"}]},{\"@type\":\"WebSite\",\"@id\":\"https:\/\/www.fairymotion.com\/es\/#website\",\"url\":\"https:\/\/www.fairymotion.com\/es\/\",\"name\":\"FairyMotion\",\"description\":\"Communication Agency\",\"publisher\":{\"@id\":\"https:\/\/www.fairymotion.com\/es\/#organization\"},\"potentialAction\":[{\"@type\":\"SearchAction\",\"target\":{\"@type\":\"EntryPoint\",\"urlTemplate\":\"https:\/\/www.fairymotion.com\/es\/?s={search_term_string}\"},\"query-input\":\"required name=search_term_string\"}],\"inLanguage\":\"es\"},{\"@type\":\"Organization\",\"@id\":\"https:\/\/www.fairymotion.com\/es\/#organization\",\"name\":\"FairyMotion - Communication Agency - Geneva\",\"url\":\"https:\/\/www.fairymotion.com\/es\/\",\"logo\":{\"@type\":\"ImageObject\",\"inLanguage\":\"es\",\"@id\":\"https:\/\/www.fairymotion.com\/es\/#\/schema\/logo\/image\/\",\"url\":\"https:\/\/www.fairymotion.com\/wp-content\/uploads\/2020\/03\/Logo-Square-Fairy-2020.png\",\"contentUrl\":\"https:\/\/www.fairymotion.com\/wp-content\/uploads\/2020\/03\/Logo-Square-Fairy-2020.png\",\"width\":1200,\"height\":1200,\"caption\":\"FairyMotion - Communication Agency - Geneva\"},\"image\":{\"@id\":\"https:\/\/www.fairymotion.com\/es\/#\/schema\/logo\/image\/\"},\"sameAs\":[\"https:\/\/facebook.com\/fairymotion.agency\",\"https:\/\/twitter.com\/fairymotion\",\"https:\/\/instagram.com\/fairymotion.agency\",\"https:\/\/youtube.com\/user\/FairyMotion\"]}]}<\/script>\n<!-- \/ Yoast SEO plugin. -->","yoast_head_json":{"title":"FairyMotion - Communication Agency - Geneva","description":"FairyMotion - Communication Agency based in Geneva : Video \/ Marketing \/ Communication","robots":{"index":"index","follow":"follow","max-snippet":"max-snippet:-1","max-image-preview":"max-image-preview:large","max-video-preview":"max-video-preview:-1"},"canonical":"https:\/\/www.fairymotion.com\/es\/marketing-division\/","og_locale":"es_ES","og_type":"article","og_title":"FairyMotion - Communication Agency - Geneva","og_description":"FairyMotion - Communication Agency based in Geneva : Video \/ Marketing \/ Communication","og_url":"https:\/\/www.fairymotion.com\/es\/marketing-division\/","og_site_name":"FairyMotion","article_publisher":"https:\/\/facebook.com\/fairymotion.agency","article_modified_time":"2020-03-10T21:00:27+00:00","og_image":[{"width":1015,"height":1253,"url":"https:\/\/www.fairymotion.com\/wp-content\/uploads\/2020\/03\/Marketing-Rec-1.png","type":"image\/png"}],"twitter_card":"summary_large_image","twitter_site":"@fairymotion","twitter_misc":{"Tiempo de lectura":"2 minutos"},"schema":{"@context":"https:\/\/schema.org","@graph":[{"@type":"WebPage","@id":"https:\/\/www.fairymotion.com\/es\/marketing-division\/","url":"https:\/\/www.fairymotion.com\/es\/marketing-division\/","name":"FairyMotion - Communication Agency - Geneva","isPartOf":{"@id":"https:\/\/www.fairymotion.com\/es\/#website"},"datePublished":"2020-03-10T20:54:28+00:00","dateModified":"2020-03-10T21:00:27+00:00","description":"FairyMotion - Communication Agency based in Geneva : Video \/ Marketing \/ Communication","breadcrumb":{"@id":"https:\/\/www.fairymotion.com\/es\/marketing-division\/#breadcrumb"},"inLanguage":"es","potentialAction":[{"@type":"ReadAction","target":["https:\/\/www.fairymotion.com\/es\/marketing-division\/"]}]},{"@type":"BreadcrumbList","@id":"https:\/\/www.fairymotion.com\/es\/marketing-division\/#breadcrumb","itemListElement":[{"@type":"ListItem","position":1,"name":"Accueil","item":"https:\/\/www.fairymotion.com\/es\/"},{"@type":"ListItem","position":2,"name":"Marketing Division"}]},{"@type":"WebSite","@id":"https:\/\/www.fairymotion.com\/es\/#website","url":"https:\/\/www.fairymotion.com\/es\/","name":"FairyMotion","description":"Communication Agency","publisher":{"@id":"https:\/\/www.fairymotion.com\/es\/#organization"},"potentialAction":[{"@type":"SearchAction","target":{"@type":"EntryPoint","urlTemplate":"https:\/\/www.fairymotion.com\/es\/?s={search_term_string}"},"query-input":"required name=search_term_string"}],"inLanguage":"es"},{"@type":"Organization","@id":"https:\/\/www.fairymotion.com\/es\/#organization","name":"FairyMotion - Communication Agency - Geneva","url":"https:\/\/www.fairymotion.com\/es\/","logo":{"@type":"ImageObject","inLanguage":"es","@id":"https:\/\/www.fairymotion.com\/es\/#\/schema\/logo\/image\/","url":"https:\/\/www.fairymotion.com\/wp-content\/uploads\/2020\/03\/Logo-Square-Fairy-2020.png","contentUrl":"https:\/\/www.fairymotion.com\/wp-content\/uploads\/2020\/03\/Logo-Square-Fairy-2020.png","width":1200,"height":1200,"caption":"FairyMotion - Communication Agency - Geneva"},"image":{"@id":"https:\/\/www.fairymotion.com\/es\/#\/schema\/logo\/image\/"},"sameAs":["https:\/\/facebook.com\/fairymotion.agency","https:\/\/twitter.com\/fairymotion","https:\/\/instagram.com\/fairymotion.agency","https:\/\/youtube.com\/user\/FairyMotion"]}]}},"_links":{"self":[{"href":"https:\/\/www.fairymotion.com\/es\/wp-json\/wp\/v2\/pages\/16805"}],"collection":[{"href":"https:\/\/www.fairymotion.com\/es\/wp-json\/wp\/v2\/pages"}],"about":[{"href":"https:\/\/www.fairymotion.com\/es\/wp-json\/wp\/v2\/types\/page"}],"author":[{"embeddable":true,"href":"https:\/\/www.fairymotion.com\/es\/wp-json\/wp\/v2\/users\/4"}],"replies":[{"embeddable":true,"href":"https:\/\/www.fairymotion.com\/es\/wp-json\/wp\/v2\/comments?post=16805"}],"version-history":[{"count":4,"href":"https:\/\/www.fairymotion.com\/es\/wp-json\/wp\/v2\/pages\/16805\/revisions"}],"predecessor-version":[{"id":16816,"href":"https:\/\/www.fairymotion.com\/es\/wp-json\/wp\/v2\/pages\/16805\/revisions\/16816"}],"wp:featuredmedia":[{"embeddable":true,"href":"https:\/\/www.fairymotion.com\/es\/wp-json\/wp\/v2\/media\/16813"}],"wp:attachment":[{"href":"https:\/\/www.fairymotion.com\/es\/wp-json\/wp\/v2\/media?parent=16805"}],"curies":[{"name":"wp","href":"https:\/\/api.w.org\/{rel}","templated":true}]}}